{"id":415,"date":"2020-06-10T18:03:45","date_gmt":"2020-06-10T18:03:45","guid":{"rendered":"http:\/\/localhost\/context\/?page_id=415"},"modified":"2025-12-03T11:45:07","modified_gmt":"2025-12-03T10:45:07","slug":"contacto","status":"publish","type":"page","link":"https:\/\/mafonco.com\/es\/contacto\/","title":{"rendered":"Contacto"},"content":{"rendered":"\t\t<div data-elementor-type=\"wp-page\" data-elementor-id=\"415\" class=\"elementor elementor-415\">\n\t\t\t\t\t\t<section class=\"elementor-section elementor-top-section elementor-element elementor-element-2ab3f89 elementor-section-boxed elementor-section-height-default elementor-section-height-default\" data-id=\"2ab3f89\" data-element_type=\"section\">\n\t\t\t\t\t\t<div class=\"elementor-container elementor-column-gap-default\">\n\t\t\t\t\t<div class=\"elementor-column elementor-col-33 elementor-top-column elementor-element elementor-element-b1af21f\" data-id=\"b1af21f\" data-element_type=\"column\">\n\t\t\t<div class=\"elementor-widget-wrap elementor-element-populated\">\n\t\t\t\t\t\t<div class=\"elementor-element elementor-element-59ae378 elementor-widget elementor-widget-witr_section_service\" data-id=\"59ae378\" data-element_type=\"widget\" data-widget_type=\"witr_section_service.default\">\n\t\t\t\t<div class=\"elementor-widget-container\">\n\t\t\t\t\t\t\t\n\t\t\t<div class=\"service-item all_color_service  text-center  \">\n\t\t\t\t<div class=\"service_top_image\">\n\t\t\t\t\t<!-- image -->\n\t\t\t\t\t\t\t\t\n\t\t\t\t<\/div>\n\t\t\t\t<div class=\"text_box all_icon_color\">\n\t\t\t\t\t<!-- icon -->\n\t\t\t\t\t\t\t\t\t\t\t<i class=\"flaticon flaticon-map\"><\/i>\n\t\t\t\t\t\t\t\t\t\t<!-- custom icon -->\n\t\t\t\t\t\t\t\t\t\n\t\t\t\t\t<!-- image -->\n\t\t\t\t\t\t\n\t\t\t\t\t<!-- title -->\n\t\t\t\t\t\t\t\t\t\t\t\t\t\t\t<h3>Localizaci\u00f3n\n <\/h3>\n\t\t\t\t\t\t\t\t\t\t\t\t\t\t\t<!-- content -->\n\t\t\t\t\t\t\t\t\t\t\t<p>Carrer Salvador Dal\u00ed, 3, 08500 Vic, Barcelona <\/p>\t\t\n\t\t\t\t\t\t\t\t\t\t<!-- button -->\n\t\t\t\t\t\t\t\t\t\n\t\t\t\t<\/div> <!-- text_box -->\t\t\t\t\t\t\t\n\t\t\t<\/div> <!-- service item -->\t\t\t\t\t\t\t\n \t\t\t\t\t\t<\/div>\n\t\t\t\t<\/div>\n\t\t\t\t\t<\/div>\n\t\t<\/div>\n\t\t\t\t<div class=\"elementor-column elementor-col-33 elementor-top-column elementor-element elementor-element-d258487\" data-id=\"d258487\" data-element_type=\"column\">\n\t\t\t<div class=\"elementor-widget-wrap elementor-element-populated\">\n\t\t\t\t\t\t<div class=\"elementor-element elementor-element-7085b5f elementor-widget elementor-widget-witr_section_service\" data-id=\"7085b5f\" data-element_type=\"widget\" data-widget_type=\"witr_section_service.default\">\n\t\t\t\t<div class=\"elementor-widget-container\">\n\t\t\t\t\t\t\t\n\t\t\t<div class=\"service-item all_color_service  text-center  \">\n\t\t\t\t<div class=\"service_top_image\">\n\t\t\t\t\t<!-- image -->\n\t\t\t\t\t\t\t\t\n\t\t\t\t<\/div>\n\t\t\t\t<div class=\"text_box all_icon_color\">\n\t\t\t\t\t<!-- icon -->\n\t\t\t\t\t\t\t\t\t\t\t<i class=\"flaticon flaticon-call\"><\/i>\n\t\t\t\t\t\t\t\t\t\t<!-- custom icon -->\n\t\t\t\t\t\t\t\t\t\n\t\t\t\t\t<!-- image -->\n\t\t\t\t\t\t\n\t\t\t\t\t<!-- title -->\n\t\t\t\t\t\t\t\t\t\t\t\t\t\t\t<h3>Tel\u00e9fono <\/h3>\n\t\t\t\t\t\t\t\t\t\t\t\t\t\t\t<!-- content -->\n\t\t\t\t\t\t\t\t\t\t\t<p>+34  629 32 86 52 <\/p>\t\t\n\t\t\t\t\t\t\t\t\t\t<!-- button -->\n\t\t\t\t\t\t\t\t\t\n\t\t\t\t<\/div> <!-- text_box -->\t\t\t\t\t\t\t\n\t\t\t<\/div> <!-- service item -->\t\t\t\t\t\t\t\n \t\t\t\t\t\t<\/div>\n\t\t\t\t<\/div>\n\t\t\t\t\t<\/div>\n\t\t<\/div>\n\t\t\t\t<div class=\"elementor-column elementor-col-33 elementor-top-column elementor-element elementor-element-7d9383b\" data-id=\"7d9383b\" data-element_type=\"column\">\n\t\t\t<div class=\"elementor-widget-wrap elementor-element-populated\">\n\t\t\t\t\t\t<div class=\"elementor-element elementor-element-9b47572 elementor-widget elementor-widget-witr_section_service\" data-id=\"9b47572\" data-element_type=\"widget\" data-widget_type=\"witr_section_service.default\">\n\t\t\t\t<div class=\"elementor-widget-container\">\n\t\t\t\t\t\t\t\n\t\t\t<div class=\"service-item all_color_service  text-center  \">\n\t\t\t\t<div class=\"service_top_image\">\n\t\t\t\t\t<!-- image -->\n\t\t\t\t\t\t\t\t\n\t\t\t\t<\/div>\n\t\t\t\t<div class=\"text_box all_icon_color\">\n\t\t\t\t\t<!-- icon -->\n\t\t\t\t\t\t\t\t\t\t\t<i class=\"flaticon flaticon-mail\"><\/i>\n\t\t\t\t\t\t\t\t\t\t<!-- custom icon -->\n\t\t\t\t\t\t\t\t\t\n\t\t\t\t\t<!-- image -->\n\t\t\t\t\t\t\n\t\t\t\t\t<!-- title -->\n\t\t\t\t\t\t\t\t\t\t\t\t\t\t\t<h3>Email \n\n <\/h3>\n\t\t\t\t\t\t\t\t\t\t\t\t\t\t\t<!-- content -->\n\t\t\t\t\t\t\t\t\t\t\t<p>marcfont@mafonco.com <\/p>\t\t\n\t\t\t\t\t\t\t\t\t\t<!-- button -->\n\t\t\t\t\t\t\t\t\t\n\t\t\t\t<\/div> <!-- text_box -->\t\t\t\t\t\t\t\n\t\t\t<\/div> <!-- service item -->\t\t\t\t\t\t\t\n \t\t\t\t\t\t<\/div>\n\t\t\t\t<\/div>\n\t\t\t\t\t<\/div>\n\t\t<\/div>\n\t\t\t\t\t<\/div>\n\t\t<\/section>\n\t\t\t\t<section class=\"elementor-section elementor-top-section elementor-element elementor-element-b934bd1 elementor-section-boxed elementor-section-height-default elementor-section-height-default\" data-id=\"b934bd1\" data-element_type=\"section\" data-settings=\"{&quot;background_background&quot;:&quot;classic&quot;}\">\n\t\t\t\t\t\t<div class=\"elementor-container elementor-column-gap-default\">\n\t\t\t\t\t<div class=\"elementor-column elementor-col-50 elementor-top-column elementor-element elementor-element-ee3b31f\" data-id=\"ee3b31f\" data-element_type=\"column\">\n\t\t\t<div class=\"elementor-widget-wrap elementor-element-populated\">\n\t\t\t\t\t\t<div class=\"elementor-element elementor-element-23b924e poket-star-rating--align-center elementor-widget elementor-widget-witr_section_apartment\" data-id=\"23b924e\" data-element_type=\"widget\" data-widget_type=\"witr_section_apartment.default\">\n\t\t\t\t<div class=\"elementor-widget-container\">\n\t\t\t\t\t\n\t\t\t\t\t<div class=\"apartment_area\">\t\t\t\t\n\t\t\t\t\t\t<div class=\"apartment_text\">\t\t\n\t\t\t\t\t\t\t<!-- title -->\n\t\t\t\t\t\t\t\t\t\n\t\t\t\t\t\t\t<!-- content -->\n\t\t\t\t\t\t\t\t\t\t\t\t\t\t\t<h2>Por cualquier duda o consulta <\/h2>\t\t\n\t\t\t\t\t\t\t\t\t\t\t\t\t\t\n\t\t\t\t\t\t<\/div>\t\t\n\t\t\t\t\t\t<div class=\"witr_apartment_form\">\t\t\t\t\t\n\t\t\t\t\t\t\n<div class=\"wpcf7 no-js\" id=\"wpcf7-f235-o1\" lang=\"es-ES\" dir=\"ltr\" data-wpcf7-id=\"235\">\n<div class=\"screen-reader-response\"><p role=\"status\" aria-live=\"polite\" aria-atomic=\"true\"><\/p> <ul><\/ul><\/div>\n<form action=\"\/es\/wp-json\/wp\/v2\/pages\/415#wpcf7-f235-o1\" method=\"post\" class=\"wpcf7-form init\" aria-label=\"Formulario de contacto\" novalidate=\"novalidate\" data-status=\"init\">\n<fieldset class=\"hidden-fields-container\"><input type=\"hidden\" name=\"_wpcf7\" value=\"235\" \/><input type=\"hidden\" name=\"_wpcf7_version\" value=\"6.1.3\" \/><input type=\"hidden\" name=\"_wpcf7_locale\" value=\"es_ES\" \/><input type=\"hidden\" name=\"_wpcf7_unit_tag\" value=\"wpcf7-f235-o1\" \/><input type=\"hidden\" name=\"_wpcf7_container_post\" value=\"0\" \/><input type=\"hidden\" name=\"_wpcf7_posted_data_hash\" value=\"\" \/>\n<\/fieldset>\n<div class=\"row\">\n\t<div class=\"col-lg-6 col-md-6\">\n\t\t<div class=\"twr_form_box\">\n\t\t\t<p><span class=\"wpcf7-form-control-wrap\" data-name=\"text-30\"><input size=\"40\" maxlength=\"400\" class=\"wpcf7-form-control wpcf7-text wpcf7-validates-as-required form-control\" aria-required=\"true\" aria-invalid=\"false\" placeholder=\"Nombre *\" value=\"\" type=\"text\" name=\"text-30\" \/><\/span>\n\t\t\t<\/p>\n\t\t<\/div>\n\t<\/div>\n\t<div class=\"col-lg-6 col-md-6\">\n\t\t<div class=\"twr_form_box\">\n\t\t\t<p><span class=\"wpcf7-form-control-wrap\" data-name=\"email-380\"><input size=\"40\" maxlength=\"400\" class=\"wpcf7-form-control wpcf7-email wpcf7-validates-as-required wpcf7-text wpcf7-validates-as-email form-control\" aria-required=\"true\" aria-invalid=\"false\" placeholder=\"Email *\" value=\"\" type=\"email\" name=\"email-380\" \/><\/span>\n\t\t\t<\/p>\n\t\t<\/div>\n\t<\/div>\n\t<div class=\"col-lg-12 col-md-12\">\n\t\t<div class=\"twr_form_box \">\n\t\t\t<p><span class=\"wpcf7-form-control-wrap\" data-name=\"textarea\"><textarea cols=\"40\" rows=\"6\" maxlength=\"2000\" class=\"wpcf7-form-control wpcf7-textarea wpcf7-validates-as-required form-control\" aria-required=\"true\" aria-invalid=\"false\" placeholder=\"Mensaje *\" name=\"textarea\"><\/textarea><\/span>\n\t\t\t<\/p>\n\t\t<\/div>\n\t\t<p><span class=\"wpcf7-form-control-wrap\" data-name=\"acceptance-361\"><span class=\"wpcf7-form-control wpcf7-acceptance\"><span class=\"wpcf7-list-item\"><label><input type=\"checkbox\" name=\"acceptance-361\" value=\"1\" aria-invalid=\"false\" \/><span class=\"wpcf7-list-item-label\">He le\u00eddo y acepto la <a href=\"http:\/\/mafonco.com\/politica-privacitat\/\" target=\"_blank\">pol\u00edtica de privacidad<\/a>.<\/span><\/label><\/span><\/span><\/span><br \/>\n<button type=\"submit\" class=\"btn btn-primary\">Enviar<\/button>\n\t\t<\/p>\n\t<\/div>\n<\/div><div class=\"wpcf7-response-output\" aria-hidden=\"true\"><\/div>\n<\/form>\n<\/div>\n\t\t\t\t\t\t\t\t\n\t\t\t\t\t\t<\/div>\n\t\t\t\t\t<\/div>\t\t\t\t\t\n\t\t\n\t\t\t\t\t\t<\/div>\n\t\t\t\t<\/div>\n\t\t\t\t\t<\/div>\n\t\t<\/div>\n\t\t\t\t<div class=\"elementor-column elementor-col-50 elementor-top-column elementor-element elementor-element-0300759\" data-id=\"0300759\" data-element_type=\"column\">\n\t\t\t<div class=\"elementor-widget-wrap elementor-element-populated\">\n\t\t\t\t\t\t<div class=\"elementor-element elementor-element-d5eb91e elementor-widget elementor-widget-image\" data-id=\"d5eb91e\" data-element_type=\"widget\" data-widget_type=\"image.default\">\n\t\t\t\t\t\t\t\t\t\t\t\t\t\t\t<img fetchpriority=\"high\" decoding=\"async\" width=\"560\" height=\"560\" src=\"https:\/\/mafonco.com\/wp-content\/uploads\/2025\/09\/marc_font-scaled-e1759248750614-560x560.jpg\" class=\"attachment-poket-gallery-thumb size-poket-gallery-thumb wp-image-11136\" alt=\"\" srcset=\"https:\/\/mafonco.com\/wp-content\/uploads\/2025\/09\/marc_font-scaled-e1759248750614-560x560.jpg 560w, https:\/\/mafonco.com\/wp-content\/uploads\/2025\/09\/marc_font-scaled-e1759248750614-150x150.jpg 150w, https:\/\/mafonco.com\/wp-content\/uploads\/2025\/09\/marc_font-scaled-e1759248750614-450x450.jpg 450w, https:\/\/mafonco.com\/wp-content\/uploads\/2025\/09\/marc_font-scaled-e1759248750614-106x106.jpg 106w, https:\/\/mafonco.com\/wp-content\/uploads\/2025\/09\/marc_font-scaled-e1759248750614-70x70.jpg 70w\" sizes=\"(max-width: 560px) 100vw, 560px\" \/>\t\t\t\t\t\t\t\t\t\t\t\t\t\t\t<\/div>\n\t\t\t\t\t<\/div>\n\t\t<\/div>\n\t\t\t\t\t<\/div>\n\t\t<\/section>\n\t\t\t\t<section class=\"elementor-section elementor-top-section elementor-element elementor-element-4c1f1bd elementor-section-full_width elementor-section-height-default elementor-section-height-default\" data-id=\"4c1f1bd\" data-element_type=\"section\">\n\t\t\t\t\t\t<div class=\"elementor-container elementor-column-gap-no\">\n\t\t\t\t\t<div class=\"elementor-column elementor-col-100 elementor-top-column elementor-element elementor-element-5e4bf83\" data-id=\"5e4bf83\" data-element_type=\"column\">\n\t\t\t<div class=\"elementor-widget-wrap elementor-element-populated\">\n\t\t\t\t\t\t<div class=\"elementor-element elementor-element-c9bb51b elementor-widget elementor-widget-google_maps\" data-id=\"c9bb51b\" data-element_type=\"widget\" data-widget_type=\"google_maps.default\">\n\t\t\t\t\t\t\t<div class=\"elementor-custom-embed\">\n\t\t\t<iframe loading=\"lazy\"\n\t\t\t\t\tsrc=\"https:\/\/maps.google.com\/maps?q=Carrer%20Salvador%20Dal%C3%AD%2C%203%2C%2008500%20Vic%2C%20Barcelona&#038;t=m&#038;z=15&#038;output=embed&#038;iwloc=near\"\n\t\t\t\t\ttitle=\"Carrer Salvador Dal\u00ed, 3, 08500 Vic, Barcelona\"\n\t\t\t\t\taria-label=\"Carrer Salvador Dal\u00ed, 3, 08500 Vic, Barcelona\"\n\t\t\t><\/iframe>\n\t\t<\/div>\n\t\t\t\t\t\t<\/div>\n\t\t\t\t\t<\/div>\n\t\t<\/div>\n\t\t\t\t\t<\/div>\n\t\t<\/section>\n\t\t\t\t<\/div>\n\t\t","protected":false},"excerpt":{"rendered":"<p>Localizaci\u00f3n Carrer Salvador Dal\u00ed, 3, 08500 Vic, Barcelona Tel\u00e9fono +34 629 32 86 52 Email marcfont@mafonco.com Por cualquier duda o consulta He llegit i accepto la pol\u00edtica de privacitat. Enviar<\/p>\n","protected":false},"author":1,"featured_media":0,"parent":0,"menu_order":0,"comment_status":"closed","ping_status":"closed","template":"template-home.php","meta":{"footnotes":""},"class_list":["post-415","page","type-page","status-publish","hentry"],"yoast_head":"<!-- This site is optimized with the Yoast SEO plugin v26.5 - https:\/\/yoast.com\/wordpress\/plugins\/seo\/ -->\n<title>Consultoria Empresarial per Impulsar el Teu Negoci<\/title>\n<meta name=\"description\" content=\"Contacta amb mi per a consultoria empresarial. T\u2019ajudem a fer cr\u00e9ixer el teu negoci amb assessorament estrat\u00e8gic, fiscal i financer adaptat a tu.\" \/>\n<meta name=\"robots\" content=\"index, follow, max-snippet:-1, max-image-preview:large, max-video-preview:-1\" \/>\n<link rel=\"canonical\" href=\"https:\/\/mafonco.com\/es\/contacto\/\" \/>\n<meta property=\"og:locale\" content=\"es_ES\" \/>\n<meta property=\"og:type\" content=\"article\" \/>\n<meta property=\"og:title\" content=\"Consultoria Empresarial per Impulsar el Teu Negoci\" \/>\n<meta property=\"og:description\" content=\"Contacta amb mi per a consultoria empresarial. T\u2019ajudem a fer cr\u00e9ixer el teu negoci amb assessorament estrat\u00e8gic, fiscal i financer adaptat a tu.\" \/>\n<meta property=\"og:url\" content=\"https:\/\/mafonco.com\/es\/contacto\/\" \/>\n<meta property=\"og:site_name\" content=\"MaFonCo Economistes\" \/>\n<meta property=\"article:publisher\" content=\"https:\/\/www.facebook.com\/mafoncoeconomistes\" \/>\n<meta property=\"article:modified_time\" content=\"2025-12-03T10:45:07+00:00\" \/>\n<meta property=\"og:image\" content=\"http:\/\/mafonco.com\/wp-content\/uploads\/2025\/09\/marc_font-scaled-e1759248750614-560x560.jpg\" \/>\n<meta name=\"twitter:card\" content=\"summary_large_image\" \/>\n<meta name=\"twitter:label1\" content=\"Tiempo de lectura\" \/>\n\t<meta name=\"twitter:data1\" content=\"1 minuto\" \/>\n<script type=\"application\/ld+json\" class=\"yoast-schema-graph\">{\"@context\":\"https:\/\/schema.org\",\"@graph\":[{\"@type\":\"WebPage\",\"@id\":\"https:\/\/mafonco.com\/es\/contacto\/\",\"url\":\"https:\/\/mafonco.com\/es\/contacto\/\",\"name\":\"Consultoria Empresarial per Impulsar el Teu Negoci\",\"isPartOf\":{\"@id\":\"https:\/\/mafonco.com\/#website\"},\"primaryImageOfPage\":{\"@id\":\"https:\/\/mafonco.com\/es\/contacto\/#primaryimage\"},\"image\":{\"@id\":\"https:\/\/mafonco.com\/es\/contacto\/#primaryimage\"},\"thumbnailUrl\":\"http:\/\/mafonco.com\/wp-content\/uploads\/2025\/09\/marc_font-scaled-e1759248750614-560x560.jpg\",\"datePublished\":\"2020-06-10T18:03:45+00:00\",\"dateModified\":\"2025-12-03T10:45:07+00:00\",\"description\":\"Contacta amb mi per a consultoria empresarial. T\u2019ajudem a fer cr\u00e9ixer el teu negoci amb assessorament estrat\u00e8gic, fiscal i financer adaptat a tu.\",\"breadcrumb\":{\"@id\":\"https:\/\/mafonco.com\/es\/contacto\/#breadcrumb\"},\"inLanguage\":\"es\",\"potentialAction\":[{\"@type\":\"ReadAction\",\"target\":[\"https:\/\/mafonco.com\/es\/contacto\/\"]}]},{\"@type\":\"ImageObject\",\"inLanguage\":\"es\",\"@id\":\"https:\/\/mafonco.com\/es\/contacto\/#primaryimage\",\"url\":\"http:\/\/mafonco.com\/wp-content\/uploads\/2025\/09\/marc_font-scaled-e1759248750614-560x560.jpg\",\"contentUrl\":\"http:\/\/mafonco.com\/wp-content\/uploads\/2025\/09\/marc_font-scaled-e1759248750614-560x560.jpg\"},{\"@type\":\"BreadcrumbList\",\"@id\":\"https:\/\/mafonco.com\/es\/contacto\/#breadcrumb\",\"itemListElement\":[{\"@type\":\"ListItem\",\"position\":1,\"name\":\"Inici\",\"item\":\"https:\/\/mafonco.com\/es\/\"},{\"@type\":\"ListItem\",\"position\":2,\"name\":\"Contacto\"}]},{\"@type\":\"WebSite\",\"@id\":\"https:\/\/mafonco.com\/#website\",\"url\":\"https:\/\/mafonco.com\/\",\"name\":\"MaFonCo Economistes\",\"description\":\"\",\"publisher\":{\"@id\":\"https:\/\/mafonco.com\/#organization\"},\"potentialAction\":[{\"@type\":\"SearchAction\",\"target\":{\"@type\":\"EntryPoint\",\"urlTemplate\":\"https:\/\/mafonco.com\/?s={search_term_string}\"},\"query-input\":{\"@type\":\"PropertyValueSpecification\",\"valueRequired\":true,\"valueName\":\"search_term_string\"}}],\"inLanguage\":\"es\"},{\"@type\":\"Organization\",\"@id\":\"https:\/\/mafonco.com\/#organization\",\"name\":\"MaFonCo Economistes\",\"url\":\"https:\/\/mafonco.com\/\",\"logo\":{\"@type\":\"ImageObject\",\"inLanguage\":\"es\",\"@id\":\"https:\/\/mafonco.com\/#\/schema\/logo\/image\/\",\"url\":\"https:\/\/mafonco.com\/wp-content\/uploads\/2025\/12\/Logo-MaFonCo-Definitiu-240216-alta-definicio-gegant-e1759306275211.jpg\",\"contentUrl\":\"https:\/\/mafonco.com\/wp-content\/uploads\/2025\/12\/Logo-MaFonCo-Definitiu-240216-alta-definicio-gegant-e1759306275211.jpg\",\"width\":1302,\"height\":397,\"caption\":\"MaFonCo Economistes\"},\"image\":{\"@id\":\"https:\/\/mafonco.com\/#\/schema\/logo\/image\/\"},\"sameAs\":[\"https:\/\/www.facebook.com\/mafoncoeconomistes\",\"https:\/\/www.linkedin.com\/company\/mafonco-economistes\/\"]}]}<\/script>\n<!-- \/ Yoast SEO plugin. -->","yoast_head_json":{"title":"Consultoria Empresarial per Impulsar el Teu Negoci","description":"Contacta amb mi per a consultoria empresarial. T\u2019ajudem a fer cr\u00e9ixer el teu negoci amb assessorament estrat\u00e8gic, fiscal i financer adaptat a tu.","robots":{"index":"index","follow":"follow","max-snippet":"max-snippet:-1","max-image-preview":"max-image-preview:large","max-video-preview":"max-video-preview:-1"},"canonical":"https:\/\/mafonco.com\/es\/contacto\/","og_locale":"es_ES","og_type":"article","og_title":"Consultoria Empresarial per Impulsar el Teu Negoci","og_description":"Contacta amb mi per a consultoria empresarial. T\u2019ajudem a fer cr\u00e9ixer el teu negoci amb assessorament estrat\u00e8gic, fiscal i financer adaptat a tu.","og_url":"https:\/\/mafonco.com\/es\/contacto\/","og_site_name":"MaFonCo Economistes","article_publisher":"https:\/\/www.facebook.com\/mafoncoeconomistes","article_modified_time":"2025-12-03T10:45:07+00:00","og_image":[{"url":"http:\/\/mafonco.com\/wp-content\/uploads\/2025\/09\/marc_font-scaled-e1759248750614-560x560.jpg","type":"","width":"","height":""}],"twitter_card":"summary_large_image","twitter_misc":{"Tiempo de lectura":"1 minuto"},"schema":{"@context":"https:\/\/schema.org","@graph":[{"@type":"WebPage","@id":"https:\/\/mafonco.com\/es\/contacto\/","url":"https:\/\/mafonco.com\/es\/contacto\/","name":"Consultoria Empresarial per Impulsar el Teu Negoci","isPartOf":{"@id":"https:\/\/mafonco.com\/#website"},"primaryImageOfPage":{"@id":"https:\/\/mafonco.com\/es\/contacto\/#primaryimage"},"image":{"@id":"https:\/\/mafonco.com\/es\/contacto\/#primaryimage"},"thumbnailUrl":"http:\/\/mafonco.com\/wp-content\/uploads\/2025\/09\/marc_font-scaled-e1759248750614-560x560.jpg","datePublished":"2020-06-10T18:03:45+00:00","dateModified":"2025-12-03T10:45:07+00:00","description":"Contacta amb mi per a consultoria empresarial. T\u2019ajudem a fer cr\u00e9ixer el teu negoci amb assessorament estrat\u00e8gic, fiscal i financer adaptat a tu.","breadcrumb":{"@id":"https:\/\/mafonco.com\/es\/contacto\/#breadcrumb"},"inLanguage":"es","potentialAction":[{"@type":"ReadAction","target":["https:\/\/mafonco.com\/es\/contacto\/"]}]},{"@type":"ImageObject","inLanguage":"es","@id":"https:\/\/mafonco.com\/es\/contacto\/#primaryimage","url":"http:\/\/mafonco.com\/wp-content\/uploads\/2025\/09\/marc_font-scaled-e1759248750614-560x560.jpg","contentUrl":"http:\/\/mafonco.com\/wp-content\/uploads\/2025\/09\/marc_font-scaled-e1759248750614-560x560.jpg"},{"@type":"BreadcrumbList","@id":"https:\/\/mafonco.com\/es\/contacto\/#breadcrumb","itemListElement":[{"@type":"ListItem","position":1,"name":"Inici","item":"https:\/\/mafonco.com\/es\/"},{"@type":"ListItem","position":2,"name":"Contacto"}]},{"@type":"WebSite","@id":"https:\/\/mafonco.com\/#website","url":"https:\/\/mafonco.com\/","name":"MaFonCo Economistes","description":"","publisher":{"@id":"https:\/\/mafonco.com\/#organization"},"potentialAction":[{"@type":"SearchAction","target":{"@type":"EntryPoint","urlTemplate":"https:\/\/mafonco.com\/?s={search_term_string}"},"query-input":{"@type":"PropertyValueSpecification","valueRequired":true,"valueName":"search_term_string"}}],"inLanguage":"es"},{"@type":"Organization","@id":"https:\/\/mafonco.com\/#organization","name":"MaFonCo Economistes","url":"https:\/\/mafonco.com\/","logo":{"@type":"ImageObject","inLanguage":"es","@id":"https:\/\/mafonco.com\/#\/schema\/logo\/image\/","url":"https:\/\/mafonco.com\/wp-content\/uploads\/2025\/12\/Logo-MaFonCo-Definitiu-240216-alta-definicio-gegant-e1759306275211.jpg","contentUrl":"https:\/\/mafonco.com\/wp-content\/uploads\/2025\/12\/Logo-MaFonCo-Definitiu-240216-alta-definicio-gegant-e1759306275211.jpg","width":1302,"height":397,"caption":"MaFonCo Economistes"},"image":{"@id":"https:\/\/mafonco.com\/#\/schema\/logo\/image\/"},"sameAs":["https:\/\/www.facebook.com\/mafoncoeconomistes","https:\/\/www.linkedin.com\/company\/mafonco-economistes\/"]}]}},"_links":{"self":[{"href":"https:\/\/mafonco.com\/es\/wp-json\/wp\/v2\/pages\/415","targetHints":{"allow":["GET"]}}],"collection":[{"href":"https:\/\/mafonco.com\/es\/wp-json\/wp\/v2\/pages"}],"about":[{"href":"https:\/\/mafonco.com\/es\/wp-json\/wp\/v2\/types\/page"}],"author":[{"embeddable":true,"href":"https:\/\/mafonco.com\/es\/wp-json\/wp\/v2\/users\/1"}],"replies":[{"embeddable":true,"href":"https:\/\/mafonco.com\/es\/wp-json\/wp\/v2\/comments?post=415"}],"version-history":[{"count":52,"href":"https:\/\/mafonco.com\/es\/wp-json\/wp\/v2\/pages\/415\/revisions"}],"predecessor-version":[{"id":11632,"href":"https:\/\/mafonco.com\/es\/wp-json\/wp\/v2\/pages\/415\/revisions\/11632"}],"wp:attachment":[{"href":"https:\/\/mafonco.com\/es\/wp-json\/wp\/v2\/media?parent=415"}],"curies":[{"name":"wp","href":"https:\/\/api.w.org\/{rel}","templated":true}]}}