{"id":360,"date":"2020-06-10T11:50:41","date_gmt":"2020-06-10T11:50:41","guid":{"rendered":"http:\/\/localhost\/context\/?page_id=360"},"modified":"2025-12-03T10:35:01","modified_gmt":"2025-12-03T09:35:01","slug":"sobre-nosotros","status":"publish","type":"page","link":"https:\/\/mafonco.com\/es\/sobre-nosotros\/","title":{"rendered":"Sobre nosotros"},"content":{"rendered":"\t\t<div data-elementor-type=\"wp-page\" data-elementor-id=\"360\" class=\"elementor elementor-360\">\n\t\t\t\t\t\t<section class=\"elementor-section elementor-top-section elementor-element elementor-element-3924960 elementor-section-boxed elementor-section-height-default elementor-section-height-default\" data-id=\"3924960\" data-element_type=\"section\">\n\t\t\t\t\t\t<div class=\"elementor-container elementor-column-gap-default\">\n\t\t\t\t\t<div class=\"elementor-column elementor-col-50 elementor-top-column elementor-element elementor-element-9d4254b\" data-id=\"9d4254b\" data-element_type=\"column\">\n\t\t\t<div class=\"elementor-widget-wrap elementor-element-populated\">\n\t\t\t\t\t\t<div class=\"elementor-element elementor-element-84c5c64 elementor-widget elementor-widget-witr_section_s_image\" data-id=\"84c5c64\" data-element_type=\"widget\" data-widget_type=\"witr_section_s_image.default\">\n\t\t\t\t<div class=\"elementor-widget-container\">\n\t\t\t\t\t\t\n\t\t<div class=\"single_image_area\">\n\t\t\t<div class=\"single_image single_line_option  \">\n\t\t\t\t<!-- image -->\n\t\t\t\t<img fetchpriority=\"high\" decoding=\"async\" width=\"560\" height=\"560\" src=\"https:\/\/mafonco.com\/wp-content\/uploads\/2025\/11\/sobre-mi-3-560x560.jpeg\" class=\"attachment-poket-gallery-thumb size-poket-gallery-thumb wp-image-11473\" alt=\"\" srcset=\"https:\/\/mafonco.com\/wp-content\/uploads\/2025\/11\/sobre-mi-3-560x560.jpeg 560w, https:\/\/mafonco.com\/wp-content\/uploads\/2025\/11\/sobre-mi-3-150x150.jpeg 150w, https:\/\/mafonco.com\/wp-content\/uploads\/2025\/11\/sobre-mi-3-450x450.jpeg 450w, https:\/\/mafonco.com\/wp-content\/uploads\/2025\/11\/sobre-mi-3-106x106.jpeg 106w, https:\/\/mafonco.com\/wp-content\/uploads\/2025\/11\/sobre-mi-3-70x70.jpeg 70w\" sizes=\"(max-width: 560px) 100vw, 560px\" \/>\t\t\n\t\t\t\t\t\t\t\t\t\t\t<\/div>\n\t\t<\/div>\n\t\t\t\n\t\t\t\n\t\t\n\t\t\t\n\t\t\t\t\t\t<\/div>\n\t\t\t\t<\/div>\n\t\t\t\t\t<\/div>\n\t\t<\/div>\n\t\t\t\t<div class=\"elementor-column elementor-col-50 elementor-top-column elementor-element elementor-element-3adf1c4\" data-id=\"3adf1c4\" data-element_type=\"column\">\n\t\t\t<div class=\"elementor-widget-wrap elementor-element-populated\">\n\t\t\t\t\t\t<div class=\"elementor-element elementor-element-d876020 elementor-widget elementor-widget-text-editor\" data-id=\"d876020\" data-element_type=\"widget\" data-widget_type=\"text-editor.default\">\n\t\t\t\t\t\t\t\t\t<p>Soy economista colegiado con m\u00e1s de 25 a\u00f1os de experiencia en auditor\u00eda, finanzas corporativas y consultor\u00eda empresarial. Desarrollo auditor\u00edas de cuentas en colaboraci\u00f3n con firmas inscritas en el Registro Oficial de Auditores de Cuentas (ROAC), garantizando independencia, transparencia y calidad t\u00e9cnica.<\/p><p>Trabajo con empresas de todo tipo \u2014aut\u00f3nomos, pymes y grupos empresariales\u2014 principalmente de la Catalu\u00f1a Central, aunque tambi\u00e9n asesoro a clientes de otras zonas. Ofrezco una visi\u00f3n global y pr\u00e1ctica para ayudar en la toma de decisiones estrat\u00e9gicas y en la gesti\u00f3n econ\u00f3mico-financiera del negocio.<\/p><p><span style=\"font-weight: 400;\">Entre los servicios que ofrezco destacan:<\/span><\/p>\t\t\t\t\t\t\t\t<\/div>\n\t\t\t\t<div class=\"elementor-element elementor-element-3f614b5 elementor-icon-list--layout-traditional elementor-list-item-link-full_width elementor-widget elementor-widget-icon-list\" data-id=\"3f614b5\" data-element_type=\"widget\" data-widget_type=\"icon-list.default\">\n\t\t\t\t\t\t\t<ul class=\"elementor-icon-list-items\">\n\t\t\t\t\t\t\t<li class=\"elementor-icon-list-item\">\n\t\t\t\t\t\t\t\t\t\t\t<span class=\"elementor-icon-list-icon\">\n\t\t\t\t\t\t\t<i aria-hidden=\"true\" class=\"fas fa-check\"><\/i>\t\t\t\t\t\t<\/span>\n\t\t\t\t\t\t\t\t\t\t<span class=\"elementor-icon-list-text\">Valoraci\u00f3n de empresas y negocios<\/span>\n\t\t\t\t\t\t\t\t\t<\/li>\n\t\t\t\t\t\t\t\t<li class=\"elementor-icon-list-item\">\n\t\t\t\t\t\t\t\t\t\t\t<span class=\"elementor-icon-list-icon\">\n\t\t\t\t\t\t\t<i aria-hidden=\"true\" class=\"fas fa-check\"><\/i>\t\t\t\t\t\t<\/span>\n\t\t\t\t\t\t\t\t\t\t<span class=\"elementor-icon-list-text\">Planes de viabilidad y reestructuraci\u00f3n financiera<\/span>\n\t\t\t\t\t\t\t\t\t<\/li>\n\t\t\t\t\t\t\t\t<li class=\"elementor-icon-list-item\">\n\t\t\t\t\t\t\t\t\t\t\t<span class=\"elementor-icon-list-icon\">\n\t\t\t\t\t\t\t<i aria-hidden=\"true\" class=\"fas fa-check\"><\/i>\t\t\t\t\t\t<\/span>\n\t\t\t\t\t\t\t\t\t\t<span class=\"elementor-icon-list-text\">Informes periciales econ\u00f3micos y financieros<\/span>\n\t\t\t\t\t\t\t\t\t<\/li>\n\t\t\t\t\t\t\t\t<li class=\"elementor-icon-list-item\">\n\t\t\t\t\t\t\t\t\t\t\t<span class=\"elementor-icon-list-icon\">\n\t\t\t\t\t\t\t<i aria-hidden=\"true\" class=\"fas fa-check\"><\/i>\t\t\t\t\t\t<\/span>\n\t\t\t\t\t\t\t\t\t\t<span class=\"elementor-icon-list-text\">Asesoramiento en procesos de compraventa o sucesi\u00f3n empresarial<\/span>\n\t\t\t\t\t\t\t\t\t<\/li>\n\t\t\t\t\t\t\t\t<li class=\"elementor-icon-list-item\">\n\t\t\t\t\t\t\t\t\t\t\t<span class=\"elementor-icon-list-icon\">\n\t\t\t\t\t\t\t<i aria-hidden=\"true\" class=\"fas fa-check\"><\/i>\t\t\t\t\t\t<\/span>\n\t\t\t\t\t\t\t\t\t\t<span class=\"elementor-icon-list-text\">Reorganizaciones societarias y apoyo en procesos de due diligence<\/span>\n\t\t\t\t\t\t\t\t\t<\/li>\n\t\t\t\t\t\t\t\t<li class=\"elementor-icon-list-item\">\n\t\t\t\t\t\t\t\t\t\t\t<span class=\"elementor-icon-list-icon\">\n\t\t\t\t\t\t\t<i aria-hidden=\"true\" class=\"fas fa-check\"><\/i>\t\t\t\t\t\t<\/span>\n\t\t\t\t\t\t\t\t\t\t<span class=\"elementor-icon-list-text\">An\u00e1lisis de rentabilidad, costes y planificaci\u00f3n econ\u00f3mica<\/span>\n\t\t\t\t\t\t\t\t\t<\/li>\n\t\t\t\t\t\t\t\t<li class=\"elementor-icon-list-item\">\n\t\t\t\t\t\t\t\t\t\t\t<span class=\"elementor-icon-list-icon\">\n\t\t\t\t\t\t\t<i aria-hidden=\"true\" class=\"fas fa-check\"><\/i>\t\t\t\t\t\t<\/span>\n\t\t\t\t\t\t\t\t\t\t<span class=\"elementor-icon-list-text\">Con una clara orientaci\u00f3n a resultados, combinando el rigor t\u00e9cnico con un trato cercano y personalizado, siempre adaptado a las necesidades espec\u00edficas de cada cliente<\/span>\n\t\t\t\t\t\t\t\t\t<\/li>\n\t\t\t\t\t\t<\/ul>\n\t\t\t\t\t\t<\/div>\n\t\t\t\t\t<\/div>\n\t\t<\/div>\n\t\t\t\t\t<\/div>\n\t\t<\/section>\n\t\t\t\t<\/div>\n\t\t","protected":false},"excerpt":{"rendered":"<p>Soy economista colegiado con m\u00e1s de 25 a\u00f1os de experiencia en auditor\u00eda, finanzas corporativas y consultor\u00eda empresarial. Desarrollo auditor\u00edas de cuentas en colaboraci\u00f3n con firmas inscritas en el Registro Oficial de Auditores de Cuentas (ROAC), garantizando independencia, transparencia y calidad t\u00e9cnica. Trabajo con empresas de todo tipo \u2014aut\u00f3nomos, pymes y grupos empresariales\u2014 principalmente de la [&hellip;]<\/p>\n","protected":false},"author":1,"featured_media":0,"parent":0,"menu_order":0,"comment_status":"closed","ping_status":"closed","template":"template-home.php","meta":{"footnotes":""},"class_list":["post-360","page","type-page","status-publish","hentry"],"yoast_head":"<!-- This site is optimized with the Yoast SEO plugin v26.5 - https:\/\/yoast.com\/wordpress\/plugins\/seo\/ -->\n<title>Economista para Empresas \u2013 Profesional en Su Servicio<\/title>\n<meta name=\"description\" content=\"Soy economista para empresas con una visi\u00f3n clara: ofrecer asesoramiento estrat\u00e9gico, proximidad y soluciones eficientes para crecer negocios con confianza.\" \/>\n<meta name=\"robots\" content=\"index, follow, max-snippet:-1, max-image-preview:large, max-video-preview:-1\" \/>\n<link rel=\"canonical\" href=\"https:\/\/mafonco.com\/es\/sobre-nosotros\/\" \/>\n<meta property=\"og:locale\" content=\"es_ES\" \/>\n<meta property=\"og:type\" content=\"article\" \/>\n<meta property=\"og:title\" content=\"Economista para Empresas \u2013 Profesional en Su Servicio\" \/>\n<meta property=\"og:description\" content=\"Soy economista para empresas con una visi\u00f3n clara: ofrecer asesoramiento estrat\u00e9gico, proximidad y soluciones eficientes para crecer negocios con confianza.\" \/>\n<meta property=\"og:url\" content=\"https:\/\/mafonco.com\/es\/sobre-nosotros\/\" \/>\n<meta property=\"og:site_name\" content=\"MaFonCo Economistes\" \/>\n<meta property=\"article:publisher\" content=\"https:\/\/www.facebook.com\/mafoncoeconomistes\" \/>\n<meta property=\"article:modified_time\" content=\"2025-12-03T09:35:01+00:00\" \/>\n<meta property=\"og:image\" content=\"http:\/\/mafonco.com\/wp-content\/uploads\/2025\/11\/sobre-mi-3-560x560.jpeg\" \/>\n<meta name=\"twitter:card\" content=\"summary_large_image\" \/>\n<meta name=\"twitter:label1\" content=\"Tiempo de lectura\" \/>\n\t<meta name=\"twitter:data1\" content=\"2 minutos\" \/>\n<script type=\"application\/ld+json\" class=\"yoast-schema-graph\">{\"@context\":\"https:\/\/schema.org\",\"@graph\":[{\"@type\":\"WebPage\",\"@id\":\"https:\/\/mafonco.com\/es\/sobre-nosotros\/\",\"url\":\"https:\/\/mafonco.com\/es\/sobre-nosotros\/\",\"name\":\"Economista para Empresas \u2013 Profesional en Su Servicio\",\"isPartOf\":{\"@id\":\"https:\/\/mafonco.com\/#website\"},\"primaryImageOfPage\":{\"@id\":\"https:\/\/mafonco.com\/es\/sobre-nosotros\/#primaryimage\"},\"image\":{\"@id\":\"https:\/\/mafonco.com\/es\/sobre-nosotros\/#primaryimage\"},\"thumbnailUrl\":\"http:\/\/mafonco.com\/wp-content\/uploads\/2025\/11\/sobre-mi-3-560x560.jpeg\",\"datePublished\":\"2020-06-10T11:50:41+00:00\",\"dateModified\":\"2025-12-03T09:35:01+00:00\",\"description\":\"Soy economista para empresas con una visi\u00f3n clara: ofrecer asesoramiento estrat\u00e9gico, proximidad y soluciones eficientes para crecer negocios con confianza.\",\"breadcrumb\":{\"@id\":\"https:\/\/mafonco.com\/es\/sobre-nosotros\/#breadcrumb\"},\"inLanguage\":\"es\",\"potentialAction\":[{\"@type\":\"ReadAction\",\"target\":[\"https:\/\/mafonco.com\/es\/sobre-nosotros\/\"]}]},{\"@type\":\"ImageObject\",\"inLanguage\":\"es\",\"@id\":\"https:\/\/mafonco.com\/es\/sobre-nosotros\/#primaryimage\",\"url\":\"http:\/\/mafonco.com\/wp-content\/uploads\/2025\/11\/sobre-mi-3-560x560.jpeg\",\"contentUrl\":\"http:\/\/mafonco.com\/wp-content\/uploads\/2025\/11\/sobre-mi-3-560x560.jpeg\"},{\"@type\":\"BreadcrumbList\",\"@id\":\"https:\/\/mafonco.com\/es\/sobre-nosotros\/#breadcrumb\",\"itemListElement\":[{\"@type\":\"ListItem\",\"position\":1,\"name\":\"Inici\",\"item\":\"https:\/\/mafonco.com\/es\/\"},{\"@type\":\"ListItem\",\"position\":2,\"name\":\"Sobre nosotros\"}]},{\"@type\":\"WebSite\",\"@id\":\"https:\/\/mafonco.com\/#website\",\"url\":\"https:\/\/mafonco.com\/\",\"name\":\"MaFonCo Economistes\",\"description\":\"\",\"publisher\":{\"@id\":\"https:\/\/mafonco.com\/#organization\"},\"potentialAction\":[{\"@type\":\"SearchAction\",\"target\":{\"@type\":\"EntryPoint\",\"urlTemplate\":\"https:\/\/mafonco.com\/?s={search_term_string}\"},\"query-input\":{\"@type\":\"PropertyValueSpecification\",\"valueRequired\":true,\"valueName\":\"search_term_string\"}}],\"inLanguage\":\"es\"},{\"@type\":\"Organization\",\"@id\":\"https:\/\/mafonco.com\/#organization\",\"name\":\"MaFonCo Economistes\",\"url\":\"https:\/\/mafonco.com\/\",\"logo\":{\"@type\":\"ImageObject\",\"inLanguage\":\"es\",\"@id\":\"https:\/\/mafonco.com\/#\/schema\/logo\/image\/\",\"url\":\"https:\/\/mafonco.com\/wp-content\/uploads\/2025\/12\/Logo-MaFonCo-Definitiu-240216-alta-definicio-gegant-e1759306275211.jpg\",\"contentUrl\":\"https:\/\/mafonco.com\/wp-content\/uploads\/2025\/12\/Logo-MaFonCo-Definitiu-240216-alta-definicio-gegant-e1759306275211.jpg\",\"width\":1302,\"height\":397,\"caption\":\"MaFonCo Economistes\"},\"image\":{\"@id\":\"https:\/\/mafonco.com\/#\/schema\/logo\/image\/\"},\"sameAs\":[\"https:\/\/www.facebook.com\/mafoncoeconomistes\",\"https:\/\/www.linkedin.com\/company\/mafonco-economistes\/\"]}]}<\/script>\n<!-- \/ Yoast SEO plugin. -->","yoast_head_json":{"title":"Economista para Empresas \u2013 Profesional en Su Servicio","description":"Soy economista para empresas con una visi\u00f3n clara: ofrecer asesoramiento estrat\u00e9gico, proximidad y soluciones eficientes para crecer negocios con confianza.","robots":{"index":"index","follow":"follow","max-snippet":"max-snippet:-1","max-image-preview":"max-image-preview:large","max-video-preview":"max-video-preview:-1"},"canonical":"https:\/\/mafonco.com\/es\/sobre-nosotros\/","og_locale":"es_ES","og_type":"article","og_title":"Economista para Empresas \u2013 Profesional en Su Servicio","og_description":"Soy economista para empresas con una visi\u00f3n clara: ofrecer asesoramiento estrat\u00e9gico, proximidad y soluciones eficientes para crecer negocios con confianza.","og_url":"https:\/\/mafonco.com\/es\/sobre-nosotros\/","og_site_name":"MaFonCo Economistes","article_publisher":"https:\/\/www.facebook.com\/mafoncoeconomistes","article_modified_time":"2025-12-03T09:35:01+00:00","og_image":[{"url":"http:\/\/mafonco.com\/wp-content\/uploads\/2025\/11\/sobre-mi-3-560x560.jpeg","type":"","width":"","height":""}],"twitter_card":"summary_large_image","twitter_misc":{"Tiempo de lectura":"2 minutos"},"schema":{"@context":"https:\/\/schema.org","@graph":[{"@type":"WebPage","@id":"https:\/\/mafonco.com\/es\/sobre-nosotros\/","url":"https:\/\/mafonco.com\/es\/sobre-nosotros\/","name":"Economista para Empresas \u2013 Profesional en Su Servicio","isPartOf":{"@id":"https:\/\/mafonco.com\/#website"},"primaryImageOfPage":{"@id":"https:\/\/mafonco.com\/es\/sobre-nosotros\/#primaryimage"},"image":{"@id":"https:\/\/mafonco.com\/es\/sobre-nosotros\/#primaryimage"},"thumbnailUrl":"http:\/\/mafonco.com\/wp-content\/uploads\/2025\/11\/sobre-mi-3-560x560.jpeg","datePublished":"2020-06-10T11:50:41+00:00","dateModified":"2025-12-03T09:35:01+00:00","description":"Soy economista para empresas con una visi\u00f3n clara: ofrecer asesoramiento estrat\u00e9gico, proximidad y soluciones eficientes para crecer negocios con confianza.","breadcrumb":{"@id":"https:\/\/mafonco.com\/es\/sobre-nosotros\/#breadcrumb"},"inLanguage":"es","potentialAction":[{"@type":"ReadAction","target":["https:\/\/mafonco.com\/es\/sobre-nosotros\/"]}]},{"@type":"ImageObject","inLanguage":"es","@id":"https:\/\/mafonco.com\/es\/sobre-nosotros\/#primaryimage","url":"http:\/\/mafonco.com\/wp-content\/uploads\/2025\/11\/sobre-mi-3-560x560.jpeg","contentUrl":"http:\/\/mafonco.com\/wp-content\/uploads\/2025\/11\/sobre-mi-3-560x560.jpeg"},{"@type":"BreadcrumbList","@id":"https:\/\/mafonco.com\/es\/sobre-nosotros\/#breadcrumb","itemListElement":[{"@type":"ListItem","position":1,"name":"Inici","item":"https:\/\/mafonco.com\/es\/"},{"@type":"ListItem","position":2,"name":"Sobre nosotros"}]},{"@type":"WebSite","@id":"https:\/\/mafonco.com\/#website","url":"https:\/\/mafonco.com\/","name":"MaFonCo Economistes","description":"","publisher":{"@id":"https:\/\/mafonco.com\/#organization"},"potentialAction":[{"@type":"SearchAction","target":{"@type":"EntryPoint","urlTemplate":"https:\/\/mafonco.com\/?s={search_term_string}"},"query-input":{"@type":"PropertyValueSpecification","valueRequired":true,"valueName":"search_term_string"}}],"inLanguage":"es"},{"@type":"Organization","@id":"https:\/\/mafonco.com\/#organization","name":"MaFonCo Economistes","url":"https:\/\/mafonco.com\/","logo":{"@type":"ImageObject","inLanguage":"es","@id":"https:\/\/mafonco.com\/#\/schema\/logo\/image\/","url":"https:\/\/mafonco.com\/wp-content\/uploads\/2025\/12\/Logo-MaFonCo-Definitiu-240216-alta-definicio-gegant-e1759306275211.jpg","contentUrl":"https:\/\/mafonco.com\/wp-content\/uploads\/2025\/12\/Logo-MaFonCo-Definitiu-240216-alta-definicio-gegant-e1759306275211.jpg","width":1302,"height":397,"caption":"MaFonCo Economistes"},"image":{"@id":"https:\/\/mafonco.com\/#\/schema\/logo\/image\/"},"sameAs":["https:\/\/www.facebook.com\/mafoncoeconomistes","https:\/\/www.linkedin.com\/company\/mafonco-economistes\/"]}]}},"_links":{"self":[{"href":"https:\/\/mafonco.com\/es\/wp-json\/wp\/v2\/pages\/360","targetHints":{"allow":["GET"]}}],"collection":[{"href":"https:\/\/mafonco.com\/es\/wp-json\/wp\/v2\/pages"}],"about":[{"href":"https:\/\/mafonco.com\/es\/wp-json\/wp\/v2\/types\/page"}],"author":[{"embeddable":true,"href":"https:\/\/mafonco.com\/es\/wp-json\/wp\/v2\/users\/1"}],"replies":[{"embeddable":true,"href":"https:\/\/mafonco.com\/es\/wp-json\/wp\/v2\/comments?post=360"}],"version-history":[{"count":52,"href":"https:\/\/mafonco.com\/es\/wp-json\/wp\/v2\/pages\/360\/revisions"}],"predecessor-version":[{"id":11617,"href":"https:\/\/mafonco.com\/es\/wp-json\/wp\/v2\/pages\/360\/revisions\/11617"}],"wp:attachment":[{"href":"https:\/\/mafonco.com\/es\/wp-json\/wp\/v2\/media?parent=360"}],"curies":[{"name":"wp","href":"https:\/\/api.w.org\/{rel}","templated":true}]}}