{"id":11339,"date":"2025-11-07T12:31:23","date_gmt":"2025-11-07T11:31:23","guid":{"rendered":"http:\/\/mafonco.com\/?page_id=11339"},"modified":"2025-12-03T10:37:25","modified_gmt":"2025-12-03T09:37:25","slug":"auditorias-de-cuentas","status":"publish","type":"page","link":"https:\/\/mafonco.com\/es\/auditorias-de-cuentas\/","title":{"rendered":"Auditor\u00edas de cuentas"},"content":{"rendered":"\t\t<div data-elementor-type=\"wp-page\" data-elementor-id=\"11339\" class=\"elementor elementor-11339\">\n\t\t\t\t\t\t<section class=\"elementor-section elementor-top-section elementor-element elementor-element-3924960 elementor-section-boxed elementor-section-height-default elementor-section-height-default\" data-id=\"3924960\" data-element_type=\"section\">\n\t\t\t\t\t\t<div class=\"elementor-container elementor-column-gap-default\">\n\t\t\t\t\t<div class=\"elementor-column elementor-col-50 elementor-top-column elementor-element elementor-element-9d4254b\" data-id=\"9d4254b\" data-element_type=\"column\">\n\t\t\t<div class=\"elementor-widget-wrap elementor-element-populated\">\n\t\t\t\t\t\t<div class=\"elementor-element elementor-element-84c5c64 elementor-widget elementor-widget-witr_section_s_image\" data-id=\"84c5c64\" data-element_type=\"widget\" data-widget_type=\"witr_section_s_image.default\">\n\t\t\t\t<div class=\"elementor-widget-container\">\n\t\t\t\t\t\t\n\t\t<div class=\"single_image_area\">\n\t\t\t<div class=\"single_image single_line_option  \">\n\t\t\t\t<!-- image -->\n\t\t\t\t<img fetchpriority=\"high\" decoding=\"async\" width=\"560\" height=\"400\" src=\"https:\/\/mafonco.com\/wp-content\/uploads\/2025\/11\/auditoria-de-comptes-560x400.jpg\" class=\"attachment-poket-gallery-thumb size-poket-gallery-thumb wp-image-11344\" alt=\"\" \/>\t\t\n\t\t\t\t\t\t\t\t\t\t\t<\/div>\n\t\t<\/div>\n\t\t\t\n\t\t\t\n\t\t\n\t\t\t\n\t\t\t\t\t\t<\/div>\n\t\t\t\t<\/div>\n\t\t\t\t\t<\/div>\n\t\t<\/div>\n\t\t\t\t<div class=\"elementor-column elementor-col-50 elementor-top-column elementor-element elementor-element-3adf1c4\" data-id=\"3adf1c4\" data-element_type=\"column\">\n\t\t\t<div class=\"elementor-widget-wrap elementor-element-populated\">\n\t\t\t\t\t\t<div class=\"elementor-element elementor-element-d876020 elementor-widget elementor-widget-text-editor\" data-id=\"d876020\" data-element_type=\"widget\" data-widget_type=\"text-editor.default\">\n\t\t\t\t\t\t\t\t\t<p>En <strong>MaFonCo Economistes<\/strong> ofrecemos servicios de auditor\u00eda de cuentas con el m\u00e1ximo rigor t\u00e9cnico y profesional. Contamos con m\u00e1s de <strong>20 a\u00f1os de experiencia<\/strong> en auditor\u00edas financieras de todo tipo, tanto en empresas industriales, comerciales como de servicios y de diversos sectores econ\u00f3micos.<\/p><p>\u00a0<\/p><p>Realizamos <strong>auditor\u00edas legales y voluntarias<\/strong>, colaborando con <strong>firmas de auditor\u00eda inscritas en el Registro Oficial<\/strong> de Auditores de Cuentas (ROAC), lo que nos permite garantizar el cumplimiento normativo y la validez legal de los informes emitidos.<\/p><p>\u00a0<\/p><p>Nuestra actividad se concentra principalmente en <strong>empresas de la Catalu\u00f1a Central<\/strong>, a las que proporcionamos un servicio cercano, de calidad y adaptado a sus necesidades espec\u00edficas. Nos caracteriza el estricto <strong>cumplimiento de los plazos de entrega, la transparencia en el proceso<\/strong> y el objetivo permanente de generar valor a trav\u00e9s de la auditor\u00eda.<\/p>\t\t\t\t\t\t\t\t<\/div>\n\t\t\t\t\t<\/div>\n\t\t<\/div>\n\t\t\t\t\t<\/div>\n\t\t<\/section>\n\t\t\t\t<\/div>\n\t\t","protected":false},"excerpt":{"rendered":"<p>En MaFonCo Economistes ofrecemos servicios de auditor\u00eda de cuentas con el m\u00e1ximo rigor t\u00e9cnico y profesional. Contamos con m\u00e1s de 20 a\u00f1os de experiencia en auditor\u00edas financieras de todo tipo, tanto en empresas industriales, comerciales como de servicios y de diversos sectores econ\u00f3micos. Realizamos auditor\u00edas legales y voluntarias, colaborando con firmas de auditor\u00eda inscritas en [&hellip;]<\/p>\n","protected":false},"author":1,"featured_media":11344,"parent":0,"menu_order":0,"comment_status":"closed","ping_status":"closed","template":"template-home.php","meta":{"footnotes":""},"class_list":["post-11339","page","type-page","status-publish","has-post-thumbnail","hentry"],"yoast_head":"<!-- This site is optimized with the Yoast SEO plugin v26.5 - https:\/\/yoast.com\/wordpress\/plugins\/seo\/ -->\n<title>Auditor\u00edas de Cuentas Profesionales \u2013 Rigor, Transparencia<\/title>\n<meta name=\"description\" content=\"Ofrecemos auditor\u00edas de cuentas rigurosas e independientes para garantizar la transparencia financiera de tu empresa. Confianza, calidad y cumplimiento normativo.\" \/>\n<meta name=\"robots\" content=\"index, follow, max-snippet:-1, max-image-preview:large, max-video-preview:-1\" \/>\n<link rel=\"canonical\" href=\"https:\/\/mafonco.com\/es\/auditorias-de-cuentas\/\" \/>\n<meta property=\"og:locale\" content=\"es_ES\" \/>\n<meta property=\"og:type\" content=\"article\" \/>\n<meta property=\"og:title\" content=\"Auditor\u00edas de Cuentas Profesionales \u2013 Rigor, Transparencia\" \/>\n<meta property=\"og:description\" content=\"Ofrecemos auditor\u00edas de cuentas rigurosas e independientes para garantizar la transparencia financiera de tu empresa. Confianza, calidad y cumplimiento normativo.\" \/>\n<meta property=\"og:url\" content=\"https:\/\/mafonco.com\/es\/auditorias-de-cuentas\/\" \/>\n<meta property=\"og:site_name\" content=\"MaFonCo Economistes\" \/>\n<meta property=\"article:publisher\" content=\"https:\/\/www.facebook.com\/mafoncoeconomistes\" \/>\n<meta property=\"article:modified_time\" content=\"2025-12-03T09:37:25+00:00\" \/>\n<meta property=\"og:image\" content=\"https:\/\/mafonco.com\/wp-content\/uploads\/2025\/11\/auditoria-de-comptes.jpg\" \/>\n\t<meta property=\"og:image:width\" content=\"600\" \/>\n\t<meta property=\"og:image:height\" content=\"400\" \/>\n\t<meta property=\"og:image:type\" content=\"image\/jpeg\" \/>\n<meta name=\"twitter:card\" content=\"summary_large_image\" \/>\n<meta name=\"twitter:label1\" content=\"Tiempo de lectura\" \/>\n\t<meta name=\"twitter:data1\" content=\"2 minutos\" \/>\n<script type=\"application\/ld+json\" class=\"yoast-schema-graph\">{\"@context\":\"https:\/\/schema.org\",\"@graph\":[{\"@type\":\"WebPage\",\"@id\":\"https:\/\/mafonco.com\/es\/auditorias-de-cuentas\/\",\"url\":\"https:\/\/mafonco.com\/es\/auditorias-de-cuentas\/\",\"name\":\"Auditor\u00edas de Cuentas Profesionales \u2013 Rigor, Transparencia\",\"isPartOf\":{\"@id\":\"https:\/\/mafonco.com\/#website\"},\"primaryImageOfPage\":{\"@id\":\"https:\/\/mafonco.com\/es\/auditorias-de-cuentas\/#primaryimage\"},\"image\":{\"@id\":\"https:\/\/mafonco.com\/es\/auditorias-de-cuentas\/#primaryimage\"},\"thumbnailUrl\":\"https:\/\/mafonco.com\/wp-content\/uploads\/2025\/11\/auditoria-de-comptes.jpg\",\"datePublished\":\"2025-11-07T11:31:23+00:00\",\"dateModified\":\"2025-12-03T09:37:25+00:00\",\"description\":\"Ofrecemos auditor\u00edas de cuentas rigurosas e independientes para garantizar la transparencia financiera de tu empresa. Confianza, calidad y cumplimiento normativo.\",\"breadcrumb\":{\"@id\":\"https:\/\/mafonco.com\/es\/auditorias-de-cuentas\/#breadcrumb\"},\"inLanguage\":\"es\",\"potentialAction\":[{\"@type\":\"ReadAction\",\"target\":[\"https:\/\/mafonco.com\/es\/auditorias-de-cuentas\/\"]}]},{\"@type\":\"ImageObject\",\"inLanguage\":\"es\",\"@id\":\"https:\/\/mafonco.com\/es\/auditorias-de-cuentas\/#primaryimage\",\"url\":\"https:\/\/mafonco.com\/wp-content\/uploads\/2025\/11\/auditoria-de-comptes.jpg\",\"contentUrl\":\"https:\/\/mafonco.com\/wp-content\/uploads\/2025\/11\/auditoria-de-comptes.jpg\",\"width\":600,\"height\":400},{\"@type\":\"BreadcrumbList\",\"@id\":\"https:\/\/mafonco.com\/es\/auditorias-de-cuentas\/#breadcrumb\",\"itemListElement\":[{\"@type\":\"ListItem\",\"position\":1,\"name\":\"Inici\",\"item\":\"https:\/\/mafonco.com\/es\/\"},{\"@type\":\"ListItem\",\"position\":2,\"name\":\"Auditor\u00edas de cuentas\"}]},{\"@type\":\"WebSite\",\"@id\":\"https:\/\/mafonco.com\/#website\",\"url\":\"https:\/\/mafonco.com\/\",\"name\":\"MaFonCo Economistes\",\"description\":\"\",\"publisher\":{\"@id\":\"https:\/\/mafonco.com\/#organization\"},\"potentialAction\":[{\"@type\":\"SearchAction\",\"target\":{\"@type\":\"EntryPoint\",\"urlTemplate\":\"https:\/\/mafonco.com\/?s={search_term_string}\"},\"query-input\":{\"@type\":\"PropertyValueSpecification\",\"valueRequired\":true,\"valueName\":\"search_term_string\"}}],\"inLanguage\":\"es\"},{\"@type\":\"Organization\",\"@id\":\"https:\/\/mafonco.com\/#organization\",\"name\":\"MaFonCo Economistes\",\"url\":\"https:\/\/mafonco.com\/\",\"logo\":{\"@type\":\"ImageObject\",\"inLanguage\":\"es\",\"@id\":\"https:\/\/mafonco.com\/#\/schema\/logo\/image\/\",\"url\":\"https:\/\/mafonco.com\/wp-content\/uploads\/2025\/12\/Logo-MaFonCo-Definitiu-240216-alta-definicio-gegant-e1759306275211.jpg\",\"contentUrl\":\"https:\/\/mafonco.com\/wp-content\/uploads\/2025\/12\/Logo-MaFonCo-Definitiu-240216-alta-definicio-gegant-e1759306275211.jpg\",\"width\":1302,\"height\":397,\"caption\":\"MaFonCo Economistes\"},\"image\":{\"@id\":\"https:\/\/mafonco.com\/#\/schema\/logo\/image\/\"},\"sameAs\":[\"https:\/\/www.facebook.com\/mafoncoeconomistes\",\"https:\/\/www.linkedin.com\/company\/mafonco-economistes\/\"]}]}<\/script>\n<!-- \/ Yoast SEO plugin. -->","yoast_head_json":{"title":"Auditor\u00edas de Cuentas Profesionales \u2013 Rigor, Transparencia","description":"Ofrecemos auditor\u00edas de cuentas rigurosas e independientes para garantizar la transparencia financiera de tu empresa. Confianza, calidad y cumplimiento normativo.","robots":{"index":"index","follow":"follow","max-snippet":"max-snippet:-1","max-image-preview":"max-image-preview:large","max-video-preview":"max-video-preview:-1"},"canonical":"https:\/\/mafonco.com\/es\/auditorias-de-cuentas\/","og_locale":"es_ES","og_type":"article","og_title":"Auditor\u00edas de Cuentas Profesionales \u2013 Rigor, Transparencia","og_description":"Ofrecemos auditor\u00edas de cuentas rigurosas e independientes para garantizar la transparencia financiera de tu empresa. Confianza, calidad y cumplimiento normativo.","og_url":"https:\/\/mafonco.com\/es\/auditorias-de-cuentas\/","og_site_name":"MaFonCo Economistes","article_publisher":"https:\/\/www.facebook.com\/mafoncoeconomistes","article_modified_time":"2025-12-03T09:37:25+00:00","og_image":[{"width":600,"height":400,"url":"https:\/\/mafonco.com\/wp-content\/uploads\/2025\/11\/auditoria-de-comptes.jpg","type":"image\/jpeg"}],"twitter_card":"summary_large_image","twitter_misc":{"Tiempo de lectura":"2 minutos"},"schema":{"@context":"https:\/\/schema.org","@graph":[{"@type":"WebPage","@id":"https:\/\/mafonco.com\/es\/auditorias-de-cuentas\/","url":"https:\/\/mafonco.com\/es\/auditorias-de-cuentas\/","name":"Auditor\u00edas de Cuentas Profesionales \u2013 Rigor, Transparencia","isPartOf":{"@id":"https:\/\/mafonco.com\/#website"},"primaryImageOfPage":{"@id":"https:\/\/mafonco.com\/es\/auditorias-de-cuentas\/#primaryimage"},"image":{"@id":"https:\/\/mafonco.com\/es\/auditorias-de-cuentas\/#primaryimage"},"thumbnailUrl":"https:\/\/mafonco.com\/wp-content\/uploads\/2025\/11\/auditoria-de-comptes.jpg","datePublished":"2025-11-07T11:31:23+00:00","dateModified":"2025-12-03T09:37:25+00:00","description":"Ofrecemos auditor\u00edas de cuentas rigurosas e independientes para garantizar la transparencia financiera de tu empresa. Confianza, calidad y cumplimiento normativo.","breadcrumb":{"@id":"https:\/\/mafonco.com\/es\/auditorias-de-cuentas\/#breadcrumb"},"inLanguage":"es","potentialAction":[{"@type":"ReadAction","target":["https:\/\/mafonco.com\/es\/auditorias-de-cuentas\/"]}]},{"@type":"ImageObject","inLanguage":"es","@id":"https:\/\/mafonco.com\/es\/auditorias-de-cuentas\/#primaryimage","url":"https:\/\/mafonco.com\/wp-content\/uploads\/2025\/11\/auditoria-de-comptes.jpg","contentUrl":"https:\/\/mafonco.com\/wp-content\/uploads\/2025\/11\/auditoria-de-comptes.jpg","width":600,"height":400},{"@type":"BreadcrumbList","@id":"https:\/\/mafonco.com\/es\/auditorias-de-cuentas\/#breadcrumb","itemListElement":[{"@type":"ListItem","position":1,"name":"Inici","item":"https:\/\/mafonco.com\/es\/"},{"@type":"ListItem","position":2,"name":"Auditor\u00edas de cuentas"}]},{"@type":"WebSite","@id":"https:\/\/mafonco.com\/#website","url":"https:\/\/mafonco.com\/","name":"MaFonCo Economistes","description":"","publisher":{"@id":"https:\/\/mafonco.com\/#organization"},"potentialAction":[{"@type":"SearchAction","target":{"@type":"EntryPoint","urlTemplate":"https:\/\/mafonco.com\/?s={search_term_string}"},"query-input":{"@type":"PropertyValueSpecification","valueRequired":true,"valueName":"search_term_string"}}],"inLanguage":"es"},{"@type":"Organization","@id":"https:\/\/mafonco.com\/#organization","name":"MaFonCo Economistes","url":"https:\/\/mafonco.com\/","logo":{"@type":"ImageObject","inLanguage":"es","@id":"https:\/\/mafonco.com\/#\/schema\/logo\/image\/","url":"https:\/\/mafonco.com\/wp-content\/uploads\/2025\/12\/Logo-MaFonCo-Definitiu-240216-alta-definicio-gegant-e1759306275211.jpg","contentUrl":"https:\/\/mafonco.com\/wp-content\/uploads\/2025\/12\/Logo-MaFonCo-Definitiu-240216-alta-definicio-gegant-e1759306275211.jpg","width":1302,"height":397,"caption":"MaFonCo Economistes"},"image":{"@id":"https:\/\/mafonco.com\/#\/schema\/logo\/image\/"},"sameAs":["https:\/\/www.facebook.com\/mafoncoeconomistes","https:\/\/www.linkedin.com\/company\/mafonco-economistes\/"]}]}},"_links":{"self":[{"href":"https:\/\/mafonco.com\/es\/wp-json\/wp\/v2\/pages\/11339","targetHints":{"allow":["GET"]}}],"collection":[{"href":"https:\/\/mafonco.com\/es\/wp-json\/wp\/v2\/pages"}],"about":[{"href":"https:\/\/mafonco.com\/es\/wp-json\/wp\/v2\/types\/page"}],"author":[{"embeddable":true,"href":"https:\/\/mafonco.com\/es\/wp-json\/wp\/v2\/users\/1"}],"replies":[{"embeddable":true,"href":"https:\/\/mafonco.com\/es\/wp-json\/wp\/v2\/comments?post=11339"}],"version-history":[{"count":28,"href":"https:\/\/mafonco.com\/es\/wp-json\/wp\/v2\/pages\/11339\/revisions"}],"predecessor-version":[{"id":11618,"href":"https:\/\/mafonco.com\/es\/wp-json\/wp\/v2\/pages\/11339\/revisions\/11618"}],"wp:featuredmedia":[{"embeddable":true,"href":"https:\/\/mafonco.com\/es\/wp-json\/wp\/v2\/media\/11344"}],"wp:attachment":[{"href":"https:\/\/mafonco.com\/es\/wp-json\/wp\/v2\/media?parent=11339"}],"curies":[{"name":"wp","href":"https:\/\/api.w.org\/{rel}","templated":true}]}}