{"id":11224,"date":"2025-10-01T11:48:32","date_gmt":"2025-10-01T09:48:32","guid":{"rendered":"http:\/\/mafonco.com\/?page_id=11224"},"modified":"2025-12-03T10:03:13","modified_gmt":"2025-12-03T09:03:13","slug":"accesibilidad","status":"publish","type":"page","link":"https:\/\/mafonco.com\/es\/accesibilidad\/","title":{"rendered":"Accesibilidad"},"content":{"rendered":"\r\n<p><b>Serveis d\u2019Internet Javajan SL<\/b>,\u00a0 se ha comprometido a hacer accesibles sus sitios web, de conformidad con el <a href=\"https:\/\/www.boe.es\/buscar\/act.php?id=BOE-A-2018-12699\"><b>Real Decreto 1112\/2018<\/b><\/a>, de 7 de septiembre, sobre accesibilidad de los sitios web y aplicaciones para dispositivos m\u00f3viles, por la que se traspone al ordenamiento jur\u00eddico espa\u00f1ol la <a href=\"http:\/\/eur-lex.europa.eu\/legal-content\/ES\/TXT\/?uri=uriserv:OJ.L_.2016.327.01.0001.01.SPA&amp;toc=OJ:L:2016:327:FULL\">Directiva (UE) 2016\/2102 del Parlamento Europeo y del Consejo<\/a>.<\/p>\r\n<p>La presente declaraci\u00f3n de accesibilidad se aplica al web https:\/\/www.atravesdelpassatge.com<\/p>\r\n<h2 class=\"wp-block-heading\">Situaci\u00f3n de cumplimiento<\/h2>\r\n<p>Este sitio web es parcialmente<b> conforme<\/b> con el <a href=\"https:\/\/www.boe.es\/diario_boe\/txt.php?id=BOE-A-2018-12699\"><b>RD 1112\/2018<\/b><\/a> debido a las excepciones y a la falta de conformidad de los aspectos que se indican a continuaci\u00f3n.<\/p>\r\n<h2>Contenido no accesible<\/h2>\r\n<p>El contenido que se recoge a continuaci\u00f3n no es accesible por lo siguiente:<\/p>\r\n<ol>\r\n<li aria-level=\"1\"><b>Falta de conformidad con el RD 1112\/2018<\/b>\r\n<ul>\r\n<li aria-level=\"2\">Debido a la automatizaci\u00f3n de algunas de las publicaciones podr\u00edan existir p\u00e1ginas con un incorrecto anidamiento de etiquetas HTML.<\/li>\r\n<li aria-level=\"2\">Existen documentos en formato PDF que no cumplen con la normativa.<\/li>\r\n<li aria-level=\"2\">Podr\u00edan existir fallos puntuales de edici\u00f3n en alguna p\u00e1gina web.<\/li>\r\n<\/ul>\r\n<\/li>\r\n<li aria-level=\"1\"><b>Carga desproporcionada<\/b>\r\n<ul>\r\n<li aria-level=\"2\">No aplica.<\/li>\r\n<\/ul>\r\n<\/li>\r\n<li aria-level=\"1\"><b>Contenido que no entra dentro del \u00e1mbito de la legislaci\u00f3n aplicable<\/b>\r\n<ul>\r\n<li aria-level=\"2\">Archivos ofim\u00e1ticos en PDF u otros formatos, as\u00ed como aplicaciones publicadas antes del 20 de septiembre de 2018 que no cumplan en su totalidad todos los requisitos de accesibilidad.<\/li>\r\n<li aria-level=\"2\">Contenidos multimedia en directo.<\/li>\r\n<li aria-level=\"2\">Contenido multimedia pregrabado publicado antes de la entrada en vigor del Real Decreto.<\/li>\r\n<li aria-level=\"2\">Servicios de mapa en l\u00ednea.<\/li>\r\n<\/ul>\r\n<\/li>\r\n<\/ol>\r\n<h2>Preparaci\u00f3n de la presente declaraci\u00f3n de accesibilidad<\/h2>\r\n<p>La presente declaraci\u00f3n fue preparada el 23 de febrero de 2023 y est\u00e1 basada en los Informes de Accesibilidad Web del <a href=\"https:\/\/administracionelectronica.gob.es\/pae_Home\/pae_Estrategias\/pae_Accesibilidad.html\"><b>Observatorio de Accesibilidad<\/b><\/a>.<\/p>\r\n<p>La fecha de la \u00faltima revisi\u00f3n ha sido el 24 de mayo de 2023.<\/p>\r\n<h2>Observaciones y datos de contacto<\/h2>\r\n<p>Puede realizar <b>comunicaciones<\/b> sobre requisitos de accesibilidad (art\u00edculo 10.2 del RD 1112\/2018) como por ejemplo:<\/p>\r\n<ul>\r\n<li aria-level=\"1\">informar sobre cualquier posible incumplimiento por parte de este sitio web<\/li>\r\n<li aria-level=\"1\">transmitir otras <b>dificultades de acceso<\/b> al contenido<\/li>\r\n<li aria-level=\"1\">formular cualquier otra <b>consulta o sugerencia de mejora<\/b> relativa a la accesibilidad del sitio web<\/li>\r\n<\/ul>\r\n<p>a trav\u00e9s del correo electr\u00f3nico <a href=\"mailto:info@javajan.com\">info@javajan.com<\/a> indicando en el asunto el nombre de la p\u00e1gina.<\/p>\r\n<h2>Contenido opcional<\/h2>\r\n<p>Este sitio web:<\/p>\r\n<ul>\r\n<li aria-level=\"1\">Se ha dise\u00f1ado adapt\u00e1ndose a los est\u00e1ndares y normativas vigentes en relaci\u00f3n a la accesibilidad, cumpliendo con los puntos de verificaci\u00f3n de prioridad 2 (AA) definidos en la especificaci\u00f3n de Pautas de Accesibilidad al Contenido en la Web (WCAG 2.1).<\/li>\r\n<li aria-level=\"1\">Cumple con los requisitos de la Norma <a href=\"https:\/\/administracionelectronica.gob.es\/pae_Home\/dam\/jcr:2352eaaf-2ee8-4501-a67b-bb682c6de934\/Norma_UNE-EN_301549.pdf\">UNE-EN 301549 v1.1.2:2015<\/a>, considerando las excepciones del Real Decreto 1112\/2018.<\/li>\r\n<li aria-level=\"1\">Est\u00e1 dise\u00f1ado para su correcta visualizaci\u00f3n en dispositivos de escritorio, tablet y m\u00f3viles para una resoluci\u00f3n m\u00ednima de <b>1280&#215;1024<\/b>.<\/li>\r\n<li aria-level=\"1\">Se ha realizado utilizando HTML5 como lenguaje de marcado y hojas de estilo CSS 3 para su dise\u00f1o.<\/li>\r\n<\/ul>\r\n<p>&nbsp;<\/p>","protected":false},"excerpt":{"rendered":"<p>Serveis d\u2019Internet Javajan SL,\u00a0 se ha comprometido a hacer accesibles sus sitios web, de conformidad con el Real Decreto 1112\/2018, de 7 de septiembre, sobre accesibilidad de los sitios web y aplicaciones para dispositivos m\u00f3viles, por la que se traspone al ordenamiento jur\u00eddico espa\u00f1ol la Directiva (UE) 2016\/2102 del Parlamento Europeo y del Consejo. La [&hellip;]<\/p>\n","protected":false},"author":1,"featured_media":0,"parent":0,"menu_order":0,"comment_status":"closed","ping_status":"closed","template":"","meta":{"footnotes":""},"class_list":["post-11224","page","type-page","status-publish","hentry"],"yoast_head":"<!-- This site is optimized with the Yoast SEO plugin v26.5 - https:\/\/yoast.com\/wordpress\/plugins\/seo\/ -->\n<title>Accesibilidad - MaFonCo Economistes<\/title>\n<meta name=\"robots\" content=\"noindex, nofollow\" \/>\n<meta property=\"og:locale\" content=\"es_ES\" \/>\n<meta property=\"og:type\" content=\"article\" \/>\n<meta property=\"og:title\" content=\"Accesibilidad - MaFonCo Economistes\" \/>\n<meta property=\"og:description\" content=\"Serveis d\u2019Internet Javajan SL,\u00a0 se ha comprometido a hacer accesibles sus sitios web, de conformidad con el Real Decreto 1112\/2018, de 7 de septiembre, sobre accesibilidad de los sitios web y aplicaciones para dispositivos m\u00f3viles, por la que se traspone al ordenamiento jur\u00eddico espa\u00f1ol la Directiva (UE) 2016\/2102 del Parlamento Europeo y del Consejo. La [&hellip;]\" \/>\n<meta property=\"og:url\" content=\"https:\/\/mafonco.com\/es\/accesibilidad\/\" \/>\n<meta property=\"og:site_name\" content=\"MaFonCo Economistes\" \/>\n<meta property=\"article:publisher\" content=\"https:\/\/www.facebook.com\/mafoncoeconomistes\" \/>\n<meta property=\"article:modified_time\" content=\"2025-12-03T09:03:13+00:00\" \/>\n<meta name=\"twitter:card\" content=\"summary_large_image\" \/>\n<meta name=\"twitter:label1\" content=\"Tiempo de lectura\" \/>\n\t<meta name=\"twitter:data1\" content=\"3 minutos\" \/>\n<script type=\"application\/ld+json\" class=\"yoast-schema-graph\">{\"@context\":\"https:\/\/schema.org\",\"@graph\":[{\"@type\":\"WebPage\",\"@id\":\"https:\/\/mafonco.com\/es\/accesibilidad\/\",\"url\":\"https:\/\/mafonco.com\/es\/accesibilidad\/\",\"name\":\"Accesibilidad - MaFonCo Economistes\",\"isPartOf\":{\"@id\":\"https:\/\/mafonco.com\/#website\"},\"datePublished\":\"2025-10-01T09:48:32+00:00\",\"dateModified\":\"2025-12-03T09:03:13+00:00\",\"breadcrumb\":{\"@id\":\"https:\/\/mafonco.com\/es\/accesibilidad\/#breadcrumb\"},\"inLanguage\":\"es\",\"potentialAction\":[{\"@type\":\"ReadAction\",\"target\":[\"https:\/\/mafonco.com\/es\/accesibilidad\/\"]}]},{\"@type\":\"BreadcrumbList\",\"@id\":\"https:\/\/mafonco.com\/es\/accesibilidad\/#breadcrumb\",\"itemListElement\":[{\"@type\":\"ListItem\",\"position\":1,\"name\":\"Inici\",\"item\":\"https:\/\/mafonco.com\/es\/\"},{\"@type\":\"ListItem\",\"position\":2,\"name\":\"Accesibilidad\"}]},{\"@type\":\"WebSite\",\"@id\":\"https:\/\/mafonco.com\/#website\",\"url\":\"https:\/\/mafonco.com\/\",\"name\":\"MaFonCo Economistes\",\"description\":\"\",\"publisher\":{\"@id\":\"https:\/\/mafonco.com\/#organization\"},\"potentialAction\":[{\"@type\":\"SearchAction\",\"target\":{\"@type\":\"EntryPoint\",\"urlTemplate\":\"https:\/\/mafonco.com\/?s={search_term_string}\"},\"query-input\":{\"@type\":\"PropertyValueSpecification\",\"valueRequired\":true,\"valueName\":\"search_term_string\"}}],\"inLanguage\":\"es\"},{\"@type\":\"Organization\",\"@id\":\"https:\/\/mafonco.com\/#organization\",\"name\":\"MaFonCo Economistes\",\"url\":\"https:\/\/mafonco.com\/\",\"logo\":{\"@type\":\"ImageObject\",\"inLanguage\":\"es\",\"@id\":\"https:\/\/mafonco.com\/#\/schema\/logo\/image\/\",\"url\":\"https:\/\/mafonco.com\/wp-content\/uploads\/2025\/12\/Logo-MaFonCo-Definitiu-240216-alta-definicio-gegant-e1759306275211.jpg\",\"contentUrl\":\"https:\/\/mafonco.com\/wp-content\/uploads\/2025\/12\/Logo-MaFonCo-Definitiu-240216-alta-definicio-gegant-e1759306275211.jpg\",\"width\":1302,\"height\":397,\"caption\":\"MaFonCo Economistes\"},\"image\":{\"@id\":\"https:\/\/mafonco.com\/#\/schema\/logo\/image\/\"},\"sameAs\":[\"https:\/\/www.facebook.com\/mafoncoeconomistes\",\"https:\/\/www.linkedin.com\/company\/mafonco-economistes\/\"]}]}<\/script>\n<!-- \/ Yoast SEO plugin. -->","yoast_head_json":{"title":"Accesibilidad - MaFonCo Economistes","robots":{"index":"noindex","follow":"nofollow"},"og_locale":"es_ES","og_type":"article","og_title":"Accesibilidad - MaFonCo Economistes","og_description":"Serveis d\u2019Internet Javajan SL,\u00a0 se ha comprometido a hacer accesibles sus sitios web, de conformidad con el Real Decreto 1112\/2018, de 7 de septiembre, sobre accesibilidad de los sitios web y aplicaciones para dispositivos m\u00f3viles, por la que se traspone al ordenamiento jur\u00eddico espa\u00f1ol la Directiva (UE) 2016\/2102 del Parlamento Europeo y del Consejo. La [&hellip;]","og_url":"https:\/\/mafonco.com\/es\/accesibilidad\/","og_site_name":"MaFonCo Economistes","article_publisher":"https:\/\/www.facebook.com\/mafoncoeconomistes","article_modified_time":"2025-12-03T09:03:13+00:00","twitter_card":"summary_large_image","twitter_misc":{"Tiempo de lectura":"3 minutos"},"schema":{"@context":"https:\/\/schema.org","@graph":[{"@type":"WebPage","@id":"https:\/\/mafonco.com\/es\/accesibilidad\/","url":"https:\/\/mafonco.com\/es\/accesibilidad\/","name":"Accesibilidad - MaFonCo Economistes","isPartOf":{"@id":"https:\/\/mafonco.com\/#website"},"datePublished":"2025-10-01T09:48:32+00:00","dateModified":"2025-12-03T09:03:13+00:00","breadcrumb":{"@id":"https:\/\/mafonco.com\/es\/accesibilidad\/#breadcrumb"},"inLanguage":"es","potentialAction":[{"@type":"ReadAction","target":["https:\/\/mafonco.com\/es\/accesibilidad\/"]}]},{"@type":"BreadcrumbList","@id":"https:\/\/mafonco.com\/es\/accesibilidad\/#breadcrumb","itemListElement":[{"@type":"ListItem","position":1,"name":"Inici","item":"https:\/\/mafonco.com\/es\/"},{"@type":"ListItem","position":2,"name":"Accesibilidad"}]},{"@type":"WebSite","@id":"https:\/\/mafonco.com\/#website","url":"https:\/\/mafonco.com\/","name":"MaFonCo Economistes","description":"","publisher":{"@id":"https:\/\/mafonco.com\/#organization"},"potentialAction":[{"@type":"SearchAction","target":{"@type":"EntryPoint","urlTemplate":"https:\/\/mafonco.com\/?s={search_term_string}"},"query-input":{"@type":"PropertyValueSpecification","valueRequired":true,"valueName":"search_term_string"}}],"inLanguage":"es"},{"@type":"Organization","@id":"https:\/\/mafonco.com\/#organization","name":"MaFonCo Economistes","url":"https:\/\/mafonco.com\/","logo":{"@type":"ImageObject","inLanguage":"es","@id":"https:\/\/mafonco.com\/#\/schema\/logo\/image\/","url":"https:\/\/mafonco.com\/wp-content\/uploads\/2025\/12\/Logo-MaFonCo-Definitiu-240216-alta-definicio-gegant-e1759306275211.jpg","contentUrl":"https:\/\/mafonco.com\/wp-content\/uploads\/2025\/12\/Logo-MaFonCo-Definitiu-240216-alta-definicio-gegant-e1759306275211.jpg","width":1302,"height":397,"caption":"MaFonCo Economistes"},"image":{"@id":"https:\/\/mafonco.com\/#\/schema\/logo\/image\/"},"sameAs":["https:\/\/www.facebook.com\/mafoncoeconomistes","https:\/\/www.linkedin.com\/company\/mafonco-economistes\/"]}]}},"_links":{"self":[{"href":"https:\/\/mafonco.com\/es\/wp-json\/wp\/v2\/pages\/11224","targetHints":{"allow":["GET"]}}],"collection":[{"href":"https:\/\/mafonco.com\/es\/wp-json\/wp\/v2\/pages"}],"about":[{"href":"https:\/\/mafonco.com\/es\/wp-json\/wp\/v2\/types\/page"}],"author":[{"embeddable":true,"href":"https:\/\/mafonco.com\/es\/wp-json\/wp\/v2\/users\/1"}],"replies":[{"embeddable":true,"href":"https:\/\/mafonco.com\/es\/wp-json\/wp\/v2\/comments?post=11224"}],"version-history":[{"count":9,"href":"https:\/\/mafonco.com\/es\/wp-json\/wp\/v2\/pages\/11224\/revisions"}],"predecessor-version":[{"id":11614,"href":"https:\/\/mafonco.com\/es\/wp-json\/wp\/v2\/pages\/11224\/revisions\/11614"}],"wp:attachment":[{"href":"https:\/\/mafonco.com\/es\/wp-json\/wp\/v2\/media?parent=11224"}],"curies":[{"name":"wp","href":"https:\/\/api.w.org\/{rel}","templated":true}]}}