{"id":10976,"date":"2025-09-30T16:02:19","date_gmt":"2025-09-30T14:02:19","guid":{"rendered":"http:\/\/mafonco.com\/?page_id=10976"},"modified":"2025-12-03T10:36:11","modified_gmt":"2025-12-03T09:36:11","slug":"finanzas-corporativas","status":"publish","type":"page","link":"https:\/\/mafonco.com\/es\/finanzas-corporativas\/","title":{"rendered":"Finanzas corporativas"},"content":{"rendered":"\t\t<div data-elementor-type=\"wp-page\" data-elementor-id=\"10976\" class=\"elementor elementor-10976\">\n\t\t\t\t\t\t<section class=\"elementor-section elementor-top-section elementor-element elementor-element-3924960 elementor-section-boxed elementor-section-height-default elementor-section-height-default\" data-id=\"3924960\" data-element_type=\"section\">\n\t\t\t\t\t\t<div class=\"elementor-container elementor-column-gap-default\">\n\t\t\t\t\t<div class=\"elementor-column elementor-col-50 elementor-top-column elementor-element elementor-element-9d4254b\" data-id=\"9d4254b\" data-element_type=\"column\">\n\t\t\t<div class=\"elementor-widget-wrap elementor-element-populated\">\n\t\t\t\t\t\t<div class=\"elementor-element elementor-element-84c5c64 elementor-widget elementor-widget-witr_section_s_image\" data-id=\"84c5c64\" data-element_type=\"widget\" data-widget_type=\"witr_section_s_image.default\">\n\t\t\t\t<div class=\"elementor-widget-container\">\n\t\t\t\t\t\t\n\t\t<div class=\"single_image_area\">\n\t\t\t<div class=\"single_image single_line_option  \">\n\t\t\t\t<!-- image -->\n\t\t\t\t<img fetchpriority=\"high\" decoding=\"async\" width=\"512\" height=\"512\" src=\"https:\/\/mafonco.com\/wp-content\/uploads\/2025\/09\/aspectes-economics.jpg\" class=\"attachment-large size-large wp-image-11013\" alt=\"\" srcset=\"https:\/\/mafonco.com\/wp-content\/uploads\/2025\/09\/aspectes-economics.jpg 512w, https:\/\/mafonco.com\/wp-content\/uploads\/2025\/09\/aspectes-economics-300x300.jpg 300w, https:\/\/mafonco.com\/wp-content\/uploads\/2025\/09\/aspectes-economics-150x150.jpg 150w, https:\/\/mafonco.com\/wp-content\/uploads\/2025\/09\/aspectes-economics-450x450.jpg 450w, https:\/\/mafonco.com\/wp-content\/uploads\/2025\/09\/aspectes-economics-106x106.jpg 106w, https:\/\/mafonco.com\/wp-content\/uploads\/2025\/09\/aspectes-economics-70x70.jpg 70w\" sizes=\"(max-width: 512px) 100vw, 512px\" \/>\t\t\n\t\t\t\t\t\t\t\t\t\t\t<\/div>\n\t\t<\/div>\n\t\t\t\n\t\t\t\n\t\t\n\t\t\t\n\t\t\t\t\t\t<\/div>\n\t\t\t\t<\/div>\n\t\t\t\t<div class=\"elementor-element elementor-element-db8cc11 elementor-widget__width-initial elementor-widget elementor-widget-witr_section_s_image\" data-id=\"db8cc11\" data-element_type=\"widget\" data-widget_type=\"witr_section_s_image.default\">\n\t\t\t\t<div class=\"elementor-widget-container\">\n\t\t\t\t\t\t\n\t\t<div class=\"single_image_area\">\n\t\t\t<div class=\"single_image single_line_option  \">\n\t\t\t\t<!-- image -->\n\t\t\t\t<img decoding=\"async\" width=\"1024\" height=\"963\" src=\"https:\/\/mafonco.com\/wp-content\/uploads\/2025\/11\/aspectes-economics-2-1024x963.jpeg\" class=\"attachment-large size-large wp-image-11480\" alt=\"\" srcset=\"https:\/\/mafonco.com\/wp-content\/uploads\/2025\/11\/aspectes-economics-2-1024x963.jpeg 1024w, https:\/\/mafonco.com\/wp-content\/uploads\/2025\/11\/aspectes-economics-2-300x282.jpeg 300w, https:\/\/mafonco.com\/wp-content\/uploads\/2025\/11\/aspectes-economics-2-768x722.jpeg 768w, https:\/\/mafonco.com\/wp-content\/uploads\/2025\/11\/aspectes-economics-2.jpeg 1352w\" sizes=\"(max-width: 1024px) 100vw, 1024px\" \/>\t\t\n\t\t\t\t\t\t\t\t\t\t\t<\/div>\n\t\t<\/div>\n\t\t\t\n\t\t\t\n\t\t\n\t\t\t\n\t\t\t\t\t\t<\/div>\n\t\t\t\t<\/div>\n\t\t\t\t\t<\/div>\n\t\t<\/div>\n\t\t\t\t<div class=\"elementor-column elementor-col-50 elementor-top-column elementor-element elementor-element-3adf1c4\" data-id=\"3adf1c4\" data-element_type=\"column\">\n\t\t\t<div class=\"elementor-widget-wrap elementor-element-populated\">\n\t\t\t\t\t\t<div class=\"elementor-element elementor-element-d876020 elementor-widget elementor-widget-text-editor\" data-id=\"d876020\" data-element_type=\"widget\" data-widget_type=\"text-editor.default\">\n\t\t\t\t\t\t\t\t\t<p><b>\u00bfCu\u00e1nto vale tu empresa?<\/b><span style=\"font-weight: 400;\"> Responder a esta pregunta requiere un an\u00e1lisis riguroso, ya que confluyen aspectos econ\u00f3micos, legales e incluso emocionales. El emprendedor suele tener una percepci\u00f3n diferente del valor del negocio respecto a la de un posible inversor o comprador. Nuestra labor en <strong>MaFonCo Economistas<\/strong> consiste en actuar como parte neutral y experta, facilitando el di\u00e1logo entre las partes y ofreciendo un asesoramiento integral durante todo el proceso de compraventa de sociedades.<\/span><\/p><p><span style=\"font-weight: 400;\">\u00a0<\/span><\/p><p><strong>Asesoramiento integral: econ\u00f3mico y legal<\/strong><\/p>\t\t\t\t\t\t\t\t<\/div>\n\t\t\t\t<div class=\"elementor-element elementor-element-47060f7 elementor-icon-list--layout-traditional elementor-list-item-link-full_width elementor-widget elementor-widget-icon-list\" data-id=\"47060f7\" data-element_type=\"widget\" data-widget_type=\"icon-list.default\">\n\t\t\t\t\t\t\t<ul class=\"elementor-icon-list-items\">\n\t\t\t\t\t\t\t<li class=\"elementor-icon-list-item\">\n\t\t\t\t\t\t\t\t\t\t\t<span class=\"elementor-icon-list-icon\">\n\t\t\t\t\t\t\t<i aria-hidden=\"true\" class=\"fas fa-check\"><\/i>\t\t\t\t\t\t<\/span>\n\t\t\t\t\t\t\t\t\t\t<span class=\"elementor-icon-list-text\">Aspectos econ\u00f3micos<\/span>\n\t\t\t\t\t\t\t\t\t<\/li>\n\t\t\t\t\t\t<\/ul>\n\t\t\t\t\t\t<\/div>\n\t\t\t\t<div class=\"elementor-element elementor-element-5585b55 elementor-widget elementor-widget-text-editor\" data-id=\"5585b55\" data-element_type=\"widget\" data-widget_type=\"text-editor.default\">\n\t\t\t\t\t\t\t\t\t<p><span style=\"font-weight: 400;\">Elaboramos los informes econ\u00f3micos y financieros necesarios para el proceso, tales como:<\/span><span style=\"font-weight: 400;\"><br \/><\/span><\/p><ul><li style=\"list-style-type: none;\"><ul><li style=\"font-weight: 400;\" aria-level=\"2\"><span style=\"font-weight: 400;\">Revisi\u00f3n de estados financieros<\/span><\/li><li style=\"font-weight: 400;\" aria-level=\"2\"><span style=\"font-weight: 400;\">Elaboraci\u00f3n de business plans y cuadernos de venta<\/span><\/li><li style=\"font-weight: 400;\" aria-level=\"2\">Valoraciones de empresa con metodolog\u00edas reconocidas: activo neto real, m\u00e9todos de rentabilidad (din\u00e1micos y est\u00e1ticos) y m\u00e9todos de m\u00faltiplos de mercado<\/li><\/ul><\/li><\/ul>\t\t\t\t\t\t\t\t<\/div>\n\t\t\t\t<div class=\"elementor-element elementor-element-8169a25 elementor-icon-list--layout-traditional elementor-list-item-link-full_width elementor-widget elementor-widget-icon-list\" data-id=\"8169a25\" data-element_type=\"widget\" data-widget_type=\"icon-list.default\">\n\t\t\t\t\t\t\t<ul class=\"elementor-icon-list-items\">\n\t\t\t\t\t\t\t<li class=\"elementor-icon-list-item\">\n\t\t\t\t\t\t\t\t\t\t\t<span class=\"elementor-icon-list-icon\">\n\t\t\t\t\t\t\t<i aria-hidden=\"true\" class=\"fas fa-check\"><\/i>\t\t\t\t\t\t<\/span>\n\t\t\t\t\t\t\t\t\t\t<span class=\"elementor-icon-list-text\">Aspectos legales<\/span>\n\t\t\t\t\t\t\t\t\t<\/li>\n\t\t\t\t\t\t<\/ul>\n\t\t\t\t\t\t<\/div>\n\t\t\t\t<div class=\"elementor-element elementor-element-ab12150 elementor-widget elementor-widget-text-editor\" data-id=\"ab12150\" data-element_type=\"widget\" data-widget_type=\"text-editor.default\">\n\t\t\t\t\t\t\t\t\t<p><span style=\"font-weight: 400;\">Gestionamos la redacci\u00f3n y revisi\u00f3n de toda la documentaci\u00f3n jur\u00eddica necesaria:<\/span><span style=\"font-weight: 400;\"><br \/><\/span><\/p><ul><li style=\"list-style-type: none;\"><ul><li style=\"font-weight: 400;\" aria-level=\"2\"><span style=\"font-weight: 400;\">Contratos de compraventa<\/span><\/li><li style=\"font-weight: 400;\" aria-level=\"2\"><span style=\"font-weight: 400;\">Acuerdos de manifestaciones y garant\u00edas<\/span><\/li><li style=\"font-weight: 400;\" aria-level=\"2\">Contratos espec\u00edficos y escrituras notariales<\/li><\/ul><\/li><\/ul>\t\t\t\t\t\t\t\t<\/div>\n\t\t\t\t<div class=\"elementor-element elementor-element-45c6ca5 elementor-widget elementor-widget-text-editor\" data-id=\"45c6ca5\" data-element_type=\"widget\" data-widget_type=\"text-editor.default\">\n\t\t\t\t\t\t\t\t\t<p><strong>Experiencia y orientaci\u00f3n a resultados<\/strong><\/p><p>Con m\u00e1s de veinte a\u00f1os de experiencia en procesos de compraventa, valoraciones de empresas y asesoramiento en operaciones corporativas, aportamos una visi\u00f3n global y contrastada. Intervenimos en la b\u00fasqueda de compradores o inversores, participamos activamente en las negociaciones y velamos para que ambas partes alcancen un acuerdo satisfactorio y equilibrado.<\/p><p><b>\u00a0<\/b><\/p><p><strong>Compromiso con la continuidad empresarial<\/strong><\/p><p>Nuestra satisfacci\u00f3n radica en contribuir a dar continuidad y futuro a proyectos empresariales viables, adaptados a los nuevos tiempos y oportunidades.<\/p>\t\t\t\t\t\t\t\t<\/div>\n\t\t\t\t\t<\/div>\n\t\t<\/div>\n\t\t\t\t\t<\/div>\n\t\t<\/section>\n\t\t\t\t<\/div>\n\t\t","protected":false},"excerpt":{"rendered":"<p>\u00bfCu\u00e1nto vale tu empresa? Responder a esta pregunta requiere un an\u00e1lisis riguroso, ya que confluyen aspectos econ\u00f3micos, legales e incluso emocionales. El emprendedor suele tener una percepci\u00f3n diferente del valor del negocio respecto a la de un posible inversor o comprador. Nuestra labor en MaFonCo Economistas consiste en actuar como parte neutral y experta, facilitando [&hellip;]<\/p>\n","protected":false},"author":1,"featured_media":0,"parent":0,"menu_order":0,"comment_status":"closed","ping_status":"closed","template":"template-home.php","meta":{"footnotes":""},"class_list":["post-10976","page","type-page","status-publish","hentry"],"yoast_head":"<!-- This site is optimized with the Yoast SEO plugin v26.5 - https:\/\/yoast.com\/wordpress\/plugins\/seo\/ -->\n<title>Finanzas Corporativas para Empresas \u2013 Estrategia y Crecimiento<\/title>\n<meta name=\"description\" content=\"Impulsa su negocio con servicios profesionales en finanzas corporativas. Optimizamos estructuras financieras y te ayudamos en procesos clave como M&amp;A y valoraciones.\" \/>\n<meta name=\"robots\" content=\"index, follow, max-snippet:-1, max-image-preview:large, max-video-preview:-1\" \/>\n<link rel=\"canonical\" href=\"https:\/\/mafonco.com\/es\/finanzas-corporativas\/\" \/>\n<meta property=\"og:locale\" content=\"es_ES\" \/>\n<meta property=\"og:type\" content=\"article\" \/>\n<meta property=\"og:title\" content=\"Finanzas Corporativas para Empresas \u2013 Estrategia y Crecimiento\" \/>\n<meta property=\"og:description\" content=\"Impulsa su negocio con servicios profesionales en finanzas corporativas. Optimizamos estructuras financieras y te ayudamos en procesos clave como M&amp;A y valoraciones.\" \/>\n<meta property=\"og:url\" content=\"https:\/\/mafonco.com\/es\/finanzas-corporativas\/\" \/>\n<meta property=\"og:site_name\" content=\"MaFonCo Economistes\" \/>\n<meta property=\"article:publisher\" content=\"https:\/\/www.facebook.com\/mafoncoeconomistes\" \/>\n<meta property=\"article:modified_time\" content=\"2025-12-03T09:36:11+00:00\" \/>\n<meta property=\"og:image\" content=\"http:\/\/mafonco.com\/wp-content\/uploads\/2025\/09\/aspectes-economics.jpg\" \/>\n<meta name=\"twitter:card\" content=\"summary_large_image\" \/>\n<meta name=\"twitter:label1\" content=\"Tiempo de lectura\" \/>\n\t<meta name=\"twitter:data1\" content=\"2 minutos\" \/>\n<script type=\"application\/ld+json\" class=\"yoast-schema-graph\">{\"@context\":\"https:\/\/schema.org\",\"@graph\":[{\"@type\":\"WebPage\",\"@id\":\"https:\/\/mafonco.com\/es\/finanzas-corporativas\/\",\"url\":\"https:\/\/mafonco.com\/es\/finanzas-corporativas\/\",\"name\":\"Finanzas Corporativas para Empresas \u2013 Estrategia y Crecimiento\",\"isPartOf\":{\"@id\":\"https:\/\/mafonco.com\/#website\"},\"primaryImageOfPage\":{\"@id\":\"https:\/\/mafonco.com\/es\/finanzas-corporativas\/#primaryimage\"},\"image\":{\"@id\":\"https:\/\/mafonco.com\/es\/finanzas-corporativas\/#primaryimage\"},\"thumbnailUrl\":\"http:\/\/mafonco.com\/wp-content\/uploads\/2025\/09\/aspectes-economics.jpg\",\"datePublished\":\"2025-09-30T14:02:19+00:00\",\"dateModified\":\"2025-12-03T09:36:11+00:00\",\"description\":\"Impulsa su negocio con servicios profesionales en finanzas corporativas. Optimizamos estructuras financieras y te ayudamos en procesos clave como M&A y valoraciones.\",\"breadcrumb\":{\"@id\":\"https:\/\/mafonco.com\/es\/finanzas-corporativas\/#breadcrumb\"},\"inLanguage\":\"es\",\"potentialAction\":[{\"@type\":\"ReadAction\",\"target\":[\"https:\/\/mafonco.com\/es\/finanzas-corporativas\/\"]}]},{\"@type\":\"ImageObject\",\"inLanguage\":\"es\",\"@id\":\"https:\/\/mafonco.com\/es\/finanzas-corporativas\/#primaryimage\",\"url\":\"http:\/\/mafonco.com\/wp-content\/uploads\/2025\/09\/aspectes-economics.jpg\",\"contentUrl\":\"http:\/\/mafonco.com\/wp-content\/uploads\/2025\/09\/aspectes-economics.jpg\"},{\"@type\":\"BreadcrumbList\",\"@id\":\"https:\/\/mafonco.com\/es\/finanzas-corporativas\/#breadcrumb\",\"itemListElement\":[{\"@type\":\"ListItem\",\"position\":1,\"name\":\"Inici\",\"item\":\"https:\/\/mafonco.com\/es\/\"},{\"@type\":\"ListItem\",\"position\":2,\"name\":\"Finanzas corporativas\"}]},{\"@type\":\"WebSite\",\"@id\":\"https:\/\/mafonco.com\/#website\",\"url\":\"https:\/\/mafonco.com\/\",\"name\":\"MaFonCo Economistes\",\"description\":\"\",\"publisher\":{\"@id\":\"https:\/\/mafonco.com\/#organization\"},\"potentialAction\":[{\"@type\":\"SearchAction\",\"target\":{\"@type\":\"EntryPoint\",\"urlTemplate\":\"https:\/\/mafonco.com\/?s={search_term_string}\"},\"query-input\":{\"@type\":\"PropertyValueSpecification\",\"valueRequired\":true,\"valueName\":\"search_term_string\"}}],\"inLanguage\":\"es\"},{\"@type\":\"Organization\",\"@id\":\"https:\/\/mafonco.com\/#organization\",\"name\":\"MaFonCo Economistes\",\"url\":\"https:\/\/mafonco.com\/\",\"logo\":{\"@type\":\"ImageObject\",\"inLanguage\":\"es\",\"@id\":\"https:\/\/mafonco.com\/#\/schema\/logo\/image\/\",\"url\":\"https:\/\/mafonco.com\/wp-content\/uploads\/2025\/12\/Logo-MaFonCo-Definitiu-240216-alta-definicio-gegant-e1759306275211.jpg\",\"contentUrl\":\"https:\/\/mafonco.com\/wp-content\/uploads\/2025\/12\/Logo-MaFonCo-Definitiu-240216-alta-definicio-gegant-e1759306275211.jpg\",\"width\":1302,\"height\":397,\"caption\":\"MaFonCo Economistes\"},\"image\":{\"@id\":\"https:\/\/mafonco.com\/#\/schema\/logo\/image\/\"},\"sameAs\":[\"https:\/\/www.facebook.com\/mafoncoeconomistes\",\"https:\/\/www.linkedin.com\/company\/mafonco-economistes\/\"]}]}<\/script>\n<!-- \/ Yoast SEO plugin. -->","yoast_head_json":{"title":"Finanzas Corporativas para Empresas \u2013 Estrategia y Crecimiento","description":"Impulsa su negocio con servicios profesionales en finanzas corporativas. Optimizamos estructuras financieras y te ayudamos en procesos clave como M&A y valoraciones.","robots":{"index":"index","follow":"follow","max-snippet":"max-snippet:-1","max-image-preview":"max-image-preview:large","max-video-preview":"max-video-preview:-1"},"canonical":"https:\/\/mafonco.com\/es\/finanzas-corporativas\/","og_locale":"es_ES","og_type":"article","og_title":"Finanzas Corporativas para Empresas \u2013 Estrategia y Crecimiento","og_description":"Impulsa su negocio con servicios profesionales en finanzas corporativas. Optimizamos estructuras financieras y te ayudamos en procesos clave como M&A y valoraciones.","og_url":"https:\/\/mafonco.com\/es\/finanzas-corporativas\/","og_site_name":"MaFonCo Economistes","article_publisher":"https:\/\/www.facebook.com\/mafoncoeconomistes","article_modified_time":"2025-12-03T09:36:11+00:00","og_image":[{"url":"http:\/\/mafonco.com\/wp-content\/uploads\/2025\/09\/aspectes-economics.jpg","type":"","width":"","height":""}],"twitter_card":"summary_large_image","twitter_misc":{"Tiempo de lectura":"2 minutos"},"schema":{"@context":"https:\/\/schema.org","@graph":[{"@type":"WebPage","@id":"https:\/\/mafonco.com\/es\/finanzas-corporativas\/","url":"https:\/\/mafonco.com\/es\/finanzas-corporativas\/","name":"Finanzas Corporativas para Empresas \u2013 Estrategia y Crecimiento","isPartOf":{"@id":"https:\/\/mafonco.com\/#website"},"primaryImageOfPage":{"@id":"https:\/\/mafonco.com\/es\/finanzas-corporativas\/#primaryimage"},"image":{"@id":"https:\/\/mafonco.com\/es\/finanzas-corporativas\/#primaryimage"},"thumbnailUrl":"http:\/\/mafonco.com\/wp-content\/uploads\/2025\/09\/aspectes-economics.jpg","datePublished":"2025-09-30T14:02:19+00:00","dateModified":"2025-12-03T09:36:11+00:00","description":"Impulsa su negocio con servicios profesionales en finanzas corporativas. Optimizamos estructuras financieras y te ayudamos en procesos clave como M&A y valoraciones.","breadcrumb":{"@id":"https:\/\/mafonco.com\/es\/finanzas-corporativas\/#breadcrumb"},"inLanguage":"es","potentialAction":[{"@type":"ReadAction","target":["https:\/\/mafonco.com\/es\/finanzas-corporativas\/"]}]},{"@type":"ImageObject","inLanguage":"es","@id":"https:\/\/mafonco.com\/es\/finanzas-corporativas\/#primaryimage","url":"http:\/\/mafonco.com\/wp-content\/uploads\/2025\/09\/aspectes-economics.jpg","contentUrl":"http:\/\/mafonco.com\/wp-content\/uploads\/2025\/09\/aspectes-economics.jpg"},{"@type":"BreadcrumbList","@id":"https:\/\/mafonco.com\/es\/finanzas-corporativas\/#breadcrumb","itemListElement":[{"@type":"ListItem","position":1,"name":"Inici","item":"https:\/\/mafonco.com\/es\/"},{"@type":"ListItem","position":2,"name":"Finanzas corporativas"}]},{"@type":"WebSite","@id":"https:\/\/mafonco.com\/#website","url":"https:\/\/mafonco.com\/","name":"MaFonCo Economistes","description":"","publisher":{"@id":"https:\/\/mafonco.com\/#organization"},"potentialAction":[{"@type":"SearchAction","target":{"@type":"EntryPoint","urlTemplate":"https:\/\/mafonco.com\/?s={search_term_string}"},"query-input":{"@type":"PropertyValueSpecification","valueRequired":true,"valueName":"search_term_string"}}],"inLanguage":"es"},{"@type":"Organization","@id":"https:\/\/mafonco.com\/#organization","name":"MaFonCo Economistes","url":"https:\/\/mafonco.com\/","logo":{"@type":"ImageObject","inLanguage":"es","@id":"https:\/\/mafonco.com\/#\/schema\/logo\/image\/","url":"https:\/\/mafonco.com\/wp-content\/uploads\/2025\/12\/Logo-MaFonCo-Definitiu-240216-alta-definicio-gegant-e1759306275211.jpg","contentUrl":"https:\/\/mafonco.com\/wp-content\/uploads\/2025\/12\/Logo-MaFonCo-Definitiu-240216-alta-definicio-gegant-e1759306275211.jpg","width":1302,"height":397,"caption":"MaFonCo Economistes"},"image":{"@id":"https:\/\/mafonco.com\/#\/schema\/logo\/image\/"},"sameAs":["https:\/\/www.facebook.com\/mafoncoeconomistes","https:\/\/www.linkedin.com\/company\/mafonco-economistes\/"]}]}},"_links":{"self":[{"href":"https:\/\/mafonco.com\/es\/wp-json\/wp\/v2\/pages\/10976","targetHints":{"allow":["GET"]}}],"collection":[{"href":"https:\/\/mafonco.com\/es\/wp-json\/wp\/v2\/pages"}],"about":[{"href":"https:\/\/mafonco.com\/es\/wp-json\/wp\/v2\/types\/page"}],"author":[{"embeddable":true,"href":"https:\/\/mafonco.com\/es\/wp-json\/wp\/v2\/users\/1"}],"replies":[{"embeddable":true,"href":"https:\/\/mafonco.com\/es\/wp-json\/wp\/v2\/comments?post=10976"}],"version-history":[{"count":65,"href":"https:\/\/mafonco.com\/es\/wp-json\/wp\/v2\/pages\/10976\/revisions"}],"predecessor-version":[{"id":11536,"href":"https:\/\/mafonco.com\/es\/wp-json\/wp\/v2\/pages\/10976\/revisions\/11536"}],"wp:attachment":[{"href":"https:\/\/mafonco.com\/es\/wp-json\/wp\/v2\/media?parent=10976"}],"curies":[{"name":"wp","href":"https:\/\/api.w.org\/{rel}","templated":true}]}}