{"id":10163,"date":"2022-01-11T05:42:19","date_gmt":"2022-01-11T05:42:19","guid":{"rendered":"http:\/\/localhost\/corporate\/?page_id=10163"},"modified":"2025-12-03T10:33:51","modified_gmt":"2025-12-03T09:33:51","slug":"inici","status":"publish","type":"page","link":"https:\/\/mafonco.com\/es\/","title":{"rendered":"Inicio"},"content":{"rendered":"\t\t<div data-elementor-type=\"wp-page\" data-elementor-id=\"10163\" class=\"elementor elementor-10163\">\n\t\t\t\t\t\t<section class=\"elementor-section elementor-top-section elementor-element elementor-element-c650c9f elementor-section-full_width elementor-section-height-default elementor-section-height-default\" data-id=\"c650c9f\" data-element_type=\"section\">\n\t\t\t\t\t\t<div class=\"elementor-container elementor-column-gap-no\">\n\t\t\t\t\t<div class=\"elementor-column elementor-col-100 elementor-top-column elementor-element elementor-element-af65d94\" data-id=\"af65d94\" data-element_type=\"column\">\n\t\t\t<div class=\"elementor-widget-wrap elementor-element-populated\">\n\t\t\t\t\t\t<div class=\"elementor-element elementor-element-e40b411 elementor-widget elementor-widget-witr_swiper_slider\" data-id=\"e40b411\" data-element_type=\"widget\" data-widget_type=\"witr_swiper_slider.default\">\n\t\t\t\t<div class=\"elementor-widget-container\">\n\t\t\t\t\t\t\t\t\t\t<!-- Swiper -->\r\n\t\t\t<div class=\"witr_swiper_area\">\r\n\t\t\t\t<div class=\"swiper witr_active_id5 \"dir=\"ltr\">\r\n\t\t\t\t\t<div class=\"swiper-wrapper\" >\r\n\t\t\t\t\t\t\t\t\r\n\t\t\t\t\t    <div class=\"swiper-slide txbdslider d1 t1 m1 \"  style=\"background-image:url(http:\/\/mafonco.com\/wp-content\/uploads\/2025\/09\/asesoria-economica.jpg);\">\r\n\t\t\t\t\t\t\t<!-- witr_show_animate -->\r\n\t\t\t\t\t\t\t\t\t\t\t\t\t\r\n\t\t\t\t\t\t\r\n\t\t\t\t\t\t\t<div class=\"witr_sw_text_area witr_swiper_height text-left\">\r\n\t\t\t\t\t\t\t\t<div class=\"witr_swiper_content \">\r\n\t\t\t\t\t\t\t\t\t\t\t\t\t\t\t\t\t\r\n\t\t\t\t\t\t\t\t\t<!-- title -->\r\n\t\t\t\t\t\t\t\t\t\t\t\t\t\t\t\t\t\t<!-- title 2 -->\r\n\t\t\t\t\t\t\t\t\t\t\t\t\t\t\t\t\t\t\t<h2>ASESORAMIENTO ECON\u00d3MICO INTEGRAL<\/h2>\r\n\t\t\t\t\t\t\t\t\t\t\t\t\t\t\t\t\t\t<!-- title 3 -->\r\n\t\t\t\t\t\t\t\t\t\t\t\t\t\t\t\t\t\t<!-- content -->\r\n\t\t\t\t\t\t\t\t\t\t\t\t\t\t\t\t\t\t\t<p>M\u00e1s de 25 a\u00f1os ayudando a empresas y profesionales a tomar las mejores decisiones econ\u00f3micas, ofreciendo servicios de auditor\u00eda, valoraci\u00f3n y gesti\u00f3n financiera con rigor, confianza y un trato cercano<\/p>\r\n\t\t\t\t\t\t\t\t\t\t\t\t\t\t\t\t\t\t\t\t\t\t\r\n\t\t\t\t\t\t\t\t\t<!-- inner title -->\r\n\t\t\t\t\t\t\t\t\t\t\t\t\t\t\t\t\t\t\r\n\t\t\t\t\t\t\t\t\t\r\n\t\t\t\t\t\t\t\t\t\r\n\t\t\t\t\t\t\t\t\t<!-- btn gradient style -->\r\n\t\t\t\t\t\t\t\t\t<div class=\"slider_btn\">\r\n\t\t\t\t\t\t\t\t\t\t<div class=\"witr_btn_style\">\r\n\t\t\t\t\t\t\t\t\t\t\t<div class=\"witr_btn_sinner\">\r\n\t\t\t\t\t\t\t\t\t\t\t\t<!-- button -->\r\n\t\t\t\t\t\t\t\t\t\t\t\t\t\t\t\t\t\t\t\t\t\t\t\t\t<a  class=\"witr_btn\" href=\"http:\/\/mafonco.com\/es\/finances-corporatives\/\">Finanzas corporativas<\/a>\r\n\t\t\t\t\t\t\t\t\t\t\t\t\r\n\t\t\t\t\t\t\t\t\t\t\t\t<!-- video button 2 -->\r\n\t\t\t\t\t\t\t\t\t\t\t\t\t\t\t\t\t\t\t\t\t\t\t\t\t\t<a class=\"witr_btn active recpwit\" href=\"http:\/\/mafonco.com\/es\/auditories-de-comptes\/\">\r\n\t\t\t\t\t\t\t\t\t\t\t\t\t\tAuditor\u00edas de cuentas\t\t\t\t\t\t\t\t\t\t\t\t\t\t<\/a>\r\n\t\t\t\t\t\t\t\t\t\t\t\t\t\r\n\t\t\t\t\t\t\t\t\t\t\t\t<!-- Circle video button Style -->\r\n\t\t\t\t\t\t\t\t\t\t\t\t\t\t\t\t\t\t\t\t\t\t\t\t\r\n\t\t\t\t\t\t\t\t\t\t\t<\/div>\r\n\t\t\t\t\t\t\t\t\t\t<\/div>\r\n\t\t\t\t\t\t\t\t\t<\/div>\r\n\t\t\t\t\t\t\t\t\t<!-- social -->\r\n\t\t\t\t\t\t\t\t\t<!-- social -->\r\n\t\t\t\t\t\t\t\t\t\t\t\t\t\t\t\t\t\t\r\n\t\t\t\t\t\t\t\t\t\r\n\t\t\t\t\t\t\t\t\t\r\n\t\t\t\t\t\t\t\t<\/div>\r\n\t\t\t\t\t\t\t\t\t\r\n\t\t\t\t\t\t\t\t<!-- slider thumb image -->\r\n\t\t\t\t\t\t\t\t\r\n\t\t\t\t\t\r\n\t\t\t\t\t\t\t\t<!-- video icon -->\r\n\t\t\t\t\t\t\t\t\t\t\t\t\t\t\t\t\t\r\n\t\r\n\t\t\t\t\t\t\t<\/div>\r\n\t\t\t\t\t\t\t\r\n\t\t\t\t\t\t<\/div>\r\n\t\t\t\t\t  \r\n\t\t\t\t\t\t\t\t\t\t\t\r\n\t\t\t\t\t<\/div>\r\n\t\t\t\t\t<!-- Add Pagination -->\r\n\t\t\t\t\t<div class=\"swiper-scrollbar\"><\/div>\r\n\t\t\t\t\t<div class=\"swiper-pagination\"><\/div>\r\n\t\t\t\t\t<div class=\"swiper-buttonf-next \"><\/div>\r\n\t\t\t\t\t<div class=\"swiper-buttonf-prev\"><\/div>\t\t\t\t\t\r\n\t\t\t\t<\/div>\r\n\t\t\t<\/div>\t\t\r\n\t\t\r\n\r\n\t\t\t<script type='text\/javascript'>\r\n\t\t\t\tjQuery(function($){\r\n\r\n\t\t\t\t   new Swiper('.witr_active_id5', {\r\n\t\t\t\t\t\teffect: 'defult',\r\n\t\t\t\t\t\tgrabCursor: false,\r\n\t\t\t\t\t\tspeed: 2000,\r\n\t\t\t\t\t\tdirection: 'horizontal',\r\n\t\t\t\t\t\t\t\t\t\t\t\t\tslidesPerView: 1,\r\n\t\t\t\t\t\t\t\t\t\t\t\t\t\t\t\t\t\t\tspaceBetween: 30,\r\n\t\t\t\t\t\t\t\t\t\t\t\tfreeMode: false,\r\n\t\t\t\t\t\tmousewheel: false,\r\n\t\t\t\t\t\tkeyboard: false,\r\n\t\t\t\t\t\tloop: true,\r\n\t\t\t\t\t\t\t\t\t\t\t\tautoplay: {\r\n\t\t\t\t\t\t\tdelay: 54000,\t\t\t\t\t\t\t\t  \r\n\t\t\t\t\t\t\tdisableOnInteraction: false,\r\n\t\t\t\t\t\t},\r\n\t\t\t\t\t\t  pagination: {\r\n\t\t\t\t\t\t\tel: '.swiper-pagination',\r\n\t\t\t\t\t\t\tclickable: true,\r\n\t\t\t\t\t\t\ttype: 'progressbar',\r\n\t\t\t\t\t\t  },\r\n\t\t\t\t\t\t  navigation: {\r\n\t\t\t\t\t\t\tnextEl: '.swiper-button-next',\r\n\t\t\t\t\t\t\tprevEl: '.swiper-button-prev',\r\n\t\t\t\t\t\t  },\r\n\t\t\t\t\t\t  scrollbar: {\r\n\t\t\t\t\t\t\tel: '.scrollbar_false',\r\n\t\t\t\t\t\t\thide: true,\r\n\t\t\t\t\t\t  },\t\t\t\t\t  \r\n\t\t\t\t\t\t  \r\n \r\n\t\t\t\t\t\t  \r\n\t\t\t\t\t});\r\n\r\n\t\t\t\t});\t\t\t\t\t\t\r\n\t\t\t\t\r\n\t\t\t<\/script>\t\t\t\t\t\t\t\r\n\t\t\t\t\t\t<\/div>\n\t\t\t\t<\/div>\n\t\t\t\t\t<\/div>\n\t\t<\/div>\n\t\t\t\t\t<\/div>\n\t\t<\/section>\n\t\t\t\t<section class=\"elementor-section elementor-top-section elementor-element elementor-element-f6460f1 elementor-section-boxed elementor-section-height-default elementor-section-height-default\" data-id=\"f6460f1\" data-element_type=\"section\">\n\t\t\t\t\t\t<div class=\"elementor-container elementor-column-gap-default\">\n\t\t\t\t\t<div class=\"elementor-column elementor-col-33 elementor-top-column elementor-element elementor-element-6b716b3\" data-id=\"6b716b3\" data-element_type=\"column\">\n\t\t\t<div class=\"elementor-widget-wrap elementor-element-populated\">\n\t\t\t\t\t\t<div class=\"elementor-element elementor-element-da83633 elementor-widget elementor-widget-witr_section_service\" data-id=\"da83633\" data-element_type=\"widget\" data-widget_type=\"witr_section_service.default\">\n\t\t\t\t<div class=\"elementor-widget-container\">\n\t\t\t\t\t\t\n\t\t\n\t\t\t<div class=\"em-service2 sleft all_color_service\">\n\t\t\t\t<div class=\"em_service_content \">\n\t\t\t\t\t<div class=\"em_single_service_text width_height_link_0 \">\n\t\t\t\t\t\t<div class=\"service_top_image\">\n\t\t\t\t\t\t\t<!-- image -->\n\t\t\t\t\t\t\t\t\t\t\n\t\t\t\t\t\t<\/div>\n\t\t\t\t\t\t<div class=\"text_box witr_s_flex\">\n\t\t\t\t\t\t\t<div class=\"service_top_text all_icon_color\">\n\t\t\t\t\t\t\t\t<div class=\"em-service-icon\">\n\t\t\t\t\t\t\t\t\t<!-- icon -->\n\t\t\t\t\t\t\t\t\t\t\t\t\t\t\n\t\t\t\t\t\t\t\t\t<!-- custom icon -->\n\t\t\t\t\t\t\t\t\t\t\t\t\t\t\t\t\t\t<!-- image -->\n\t\t\t\t\t\t\t\t\t<img decoding=\"async\" width=\"150\" height=\"150\" src=\"https:\/\/mafonco.com\/wp-content\/uploads\/2025\/09\/rigor-professional-150x150.jpg\" class=\"attachment-thumbnail size-thumbnail wp-image-10948\" alt=\"\" srcset=\"https:\/\/mafonco.com\/wp-content\/uploads\/2025\/09\/rigor-professional-150x150.jpg 150w, https:\/\/mafonco.com\/wp-content\/uploads\/2025\/09\/rigor-professional-450x450.jpg 450w, https:\/\/mafonco.com\/wp-content\/uploads\/2025\/09\/rigor-professional-106x106.jpg 106w, https:\/\/mafonco.com\/wp-content\/uploads\/2025\/09\/rigor-professional-560x560.jpg 560w, https:\/\/mafonco.com\/wp-content\/uploads\/2025\/09\/rigor-professional-70x70.jpg 70w\" sizes=\"(max-width: 150px) 100vw, 150px\" \/>\t\t\t\t\n\t\t\t\t\t\t\t\t<\/div>\t\t\t\n\t\t\t\t\t\t\t<\/div>\n\t\t\t\t\t\t\t<div class=\"em-service-inner\">\n\t\t\t\t\t\t\t\t<div class=\"em-service-title\">\n\t\t\t\t\t\t\t\t\t<!-- title -->\n\t\t\t\t\t\t\t\t\t\t\t\t\t\t\t\t\t\t\t\t\t\t\t\t\t\t\t<h3>Rigor profesional <\/h3>\n\t\t\t\t\t\t\t\t\t\t\t\t\t\t\t\t\t\t\t\t\t\t\t\t\t\t\t<!-- content -->\n\t\t\t\t\t\t\t\t<\/div>\t\t\t\t\t\t\n\t\t\t\t\t\t\t\t<div class=\"em-service-desc\">\n\t\t\t\t\t\t\t\t\t\t\t\t\t\t\t\t\t\t\t<p>Trabajo con la m\u00e1xima precisi\u00f3n y atenci\u00f3n al por menor para garantizar resultados fiables y de calidad. <\/p>\t\t\n\t\t\t\t\t\t\t\t\t\t\t\t\t\t\t\t\t<\/div>\n\t\t\t\t\t\t\t\t<!-- button -->\n\t\t\t\t\t\t\t\t\t\t\t\t\n\t\t\t\t\t\t\t<\/div>\n\t\t\t\t\t\t<\/div>\n\t\t\t\t\t<\/div>\n\t\t\t\t<\/div>\n\t\t\t<\/div>\t\t\t\n\n\t\t\t\t\n\t\t\t\t\t\t<\/div>\n\t\t\t\t<\/div>\n\t\t\t\t\t<\/div>\n\t\t<\/div>\n\t\t\t\t<div class=\"elementor-column elementor-col-33 elementor-top-column elementor-element elementor-element-1f1e59a\" data-id=\"1f1e59a\" data-element_type=\"column\">\n\t\t\t<div class=\"elementor-widget-wrap elementor-element-populated\">\n\t\t\t\t\t\t<div class=\"elementor-element elementor-element-28798a2 elementor-widget elementor-widget-witr_section_service\" data-id=\"28798a2\" data-element_type=\"widget\" data-widget_type=\"witr_section_service.default\">\n\t\t\t\t<div class=\"elementor-widget-container\">\n\t\t\t\t\t\t\n\t\t\n\t\t\t<div class=\"em-service2 sleft all_color_service\">\n\t\t\t\t<div class=\"em_service_content \">\n\t\t\t\t\t<div class=\"em_single_service_text width_height_link_0 \">\n\t\t\t\t\t\t<div class=\"service_top_image\">\n\t\t\t\t\t\t\t<!-- image -->\n\t\t\t\t\t\t\t\t\t\t\n\t\t\t\t\t\t<\/div>\n\t\t\t\t\t\t<div class=\"text_box witr_s_flex\">\n\t\t\t\t\t\t\t<div class=\"service_top_text all_icon_color\">\n\t\t\t\t\t\t\t\t<div class=\"em-service-icon\">\n\t\t\t\t\t\t\t\t\t<!-- icon -->\n\t\t\t\t\t\t\t\t\t\t\t\t\t\t\n\t\t\t\t\t\t\t\t\t<!-- custom icon -->\n\t\t\t\t\t\t\t\t\t\t\t\t\t\t\t\t\t\t<!-- image -->\n\t\t\t\t\t\t\t\t\t<img decoding=\"async\" width=\"150\" height=\"150\" src=\"https:\/\/mafonco.com\/wp-content\/uploads\/2025\/09\/experiencia-contrastada1-150x150.jpg\" class=\"attachment-thumbnail size-thumbnail wp-image-10949\" alt=\"\" srcset=\"https:\/\/mafonco.com\/wp-content\/uploads\/2025\/09\/experiencia-contrastada1-150x150.jpg 150w, https:\/\/mafonco.com\/wp-content\/uploads\/2025\/09\/experiencia-contrastada1-450x450.jpg 450w, https:\/\/mafonco.com\/wp-content\/uploads\/2025\/09\/experiencia-contrastada1-106x106.jpg 106w, https:\/\/mafonco.com\/wp-content\/uploads\/2025\/09\/experiencia-contrastada1-560x560.jpg 560w, https:\/\/mafonco.com\/wp-content\/uploads\/2025\/09\/experiencia-contrastada1-70x70.jpg 70w\" sizes=\"(max-width: 150px) 100vw, 150px\" \/>\t\t\t\t\n\t\t\t\t\t\t\t\t<\/div>\t\t\t\n\t\t\t\t\t\t\t<\/div>\n\t\t\t\t\t\t\t<div class=\"em-service-inner\">\n\t\t\t\t\t\t\t\t<div class=\"em-service-title\">\n\t\t\t\t\t\t\t\t\t<!-- title -->\n\t\t\t\t\t\t\t\t\t\t\t\t\t\t\t\t\t\t\t\t\t\t\t\t\t\t\t<h3>Experiencia contrastada <\/h3>\n\t\t\t\t\t\t\t\t\t\t\t\t\t\t\t\t\t\t\t\t\t\t\t\t\t\t\t<!-- content -->\n\t\t\t\t\t\t\t\t<\/div>\t\t\t\t\t\t\n\t\t\t\t\t\t\t\t<div class=\"em-service-desc\">\n\t\t\t\t\t\t\t\t\t\t\t\t\t\t\t\t\t\t\t<p>M\u00e1s de 25 a\u00f1os asesorando a empresas y profesionales en \u00e1mbitos econ\u00f3micos y financieros diversos. <\/p>\t\t\n\t\t\t\t\t\t\t\t\t\t\t\t\t\t\t\t\t<\/div>\n\t\t\t\t\t\t\t\t<!-- button -->\n\t\t\t\t\t\t\t\t\t\t\t\t\n\t\t\t\t\t\t\t<\/div>\n\t\t\t\t\t\t<\/div>\n\t\t\t\t\t<\/div>\n\t\t\t\t<\/div>\n\t\t\t<\/div>\t\t\t\n\n\t\t\t\t\n\t\t\t\t\t\t<\/div>\n\t\t\t\t<\/div>\n\t\t\t\t\t<\/div>\n\t\t<\/div>\n\t\t\t\t<div class=\"elementor-column elementor-col-33 elementor-top-column elementor-element elementor-element-3a76fcf\" data-id=\"3a76fcf\" data-element_type=\"column\">\n\t\t\t<div class=\"elementor-widget-wrap elementor-element-populated\">\n\t\t\t\t\t\t<div class=\"elementor-element elementor-element-0a0f7d7 elementor-widget elementor-widget-witr_section_service\" data-id=\"0a0f7d7\" data-element_type=\"widget\" data-widget_type=\"witr_section_service.default\">\n\t\t\t\t<div class=\"elementor-widget-container\">\n\t\t\t\t\t\t\n\t\t\n\t\t\t<div class=\"em-service2 sleft all_color_service\">\n\t\t\t\t<div class=\"em_service_content \">\n\t\t\t\t\t<div class=\"em_single_service_text width_height_link_0 \">\n\t\t\t\t\t\t<div class=\"service_top_image\">\n\t\t\t\t\t\t\t<!-- image -->\n\t\t\t\t\t\t\t\t\t\t\n\t\t\t\t\t\t<\/div>\n\t\t\t\t\t\t<div class=\"text_box witr_s_flex\">\n\t\t\t\t\t\t\t<div class=\"service_top_text all_icon_color\">\n\t\t\t\t\t\t\t\t<div class=\"em-service-icon\">\n\t\t\t\t\t\t\t\t\t<!-- icon -->\n\t\t\t\t\t\t\t\t\t\t\t\t\t\t\n\t\t\t\t\t\t\t\t\t<!-- custom icon -->\n\t\t\t\t\t\t\t\t\t\t\t\t\t\t\t\t\t\t<!-- image -->\n\t\t\t\t\t\t\t\t\t<img decoding=\"async\" width=\"150\" height=\"150\" src=\"https:\/\/mafonco.com\/wp-content\/uploads\/2025\/09\/compromis-i-proximitat-150x150.jpg\" class=\"attachment-thumbnail size-thumbnail wp-image-10950\" alt=\"\" srcset=\"https:\/\/mafonco.com\/wp-content\/uploads\/2025\/09\/compromis-i-proximitat-150x150.jpg 150w, https:\/\/mafonco.com\/wp-content\/uploads\/2025\/09\/compromis-i-proximitat-106x106.jpg 106w, https:\/\/mafonco.com\/wp-content\/uploads\/2025\/09\/compromis-i-proximitat-70x70.jpg 70w\" sizes=\"(max-width: 150px) 100vw, 150px\" \/>\t\t\t\t\n\t\t\t\t\t\t\t\t<\/div>\t\t\t\n\t\t\t\t\t\t\t<\/div>\n\t\t\t\t\t\t\t<div class=\"em-service-inner\">\n\t\t\t\t\t\t\t\t<div class=\"em-service-title\">\n\t\t\t\t\t\t\t\t\t<!-- title -->\n\t\t\t\t\t\t\t\t\t\t\t\t\t\t\t\t\t\t\t\t\t\t\t\t\t\t\t<h3>Compromiso y proximidad <\/h3>\n\t\t\t\t\t\t\t\t\t\t\t\t\t\t\t\t\t\t\t\t\t\t\t\t\t\t\t<!-- content -->\n\t\t\t\t\t\t\t\t<\/div>\t\t\t\t\t\t\n\t\t\t\t\t\t\t\t<div class=\"em-service-desc\">\n\t\t\t\t\t\t\t\t\t\t\t\t\t\t\t\t\t\t\t<p>Ofrezco un trato personalizado y cercano, adapt\u00e1ndome a las necesidades concretas de cada cliente. <\/p>\t\t\n\t\t\t\t\t\t\t\t\t\t\t\t\t\t\t\t\t<\/div>\n\t\t\t\t\t\t\t\t<!-- button -->\n\t\t\t\t\t\t\t\t\t\t\t\t\n\t\t\t\t\t\t\t<\/div>\n\t\t\t\t\t\t<\/div>\n\t\t\t\t\t<\/div>\n\t\t\t\t<\/div>\n\t\t\t<\/div>\t\t\t\n\n\t\t\t\t\n\t\t\t\t\t\t<\/div>\n\t\t\t\t<\/div>\n\t\t\t\t\t<\/div>\n\t\t<\/div>\n\t\t\t\t\t<\/div>\n\t\t<\/section>\n\t\t\t\t<\/div>\n\t\t","protected":false},"excerpt":{"rendered":"<p>ASESORAMIENTO ECON\u00d3MICO INTEGRAL M\u00e1s de 25 a\u00f1os ayudando a empresas y profesionales a tomar las mejores decisiones econ\u00f3micas, ofreciendo servicios de auditor\u00eda, valoraci\u00f3n y gesti\u00f3n financiera con rigor, confianza y un trato cercano Finanzas corporativas Auditor\u00edas de cuentas Rigor profesional Trabajo con la m\u00e1xima precisi\u00f3n y atenci\u00f3n al por menor para garantizar resultados fiables y [&hellip;]<\/p>\n","protected":false},"author":1,"featured_media":0,"parent":0,"menu_order":0,"comment_status":"closed","ping_status":"closed","template":"template-home.php","meta":{"footnotes":""},"class_list":["post-10163","page","type-page","status-publish","hentry"],"yoast_head":"<!-- This site is optimized with the Yoast SEO plugin v26.5 - https:\/\/yoast.com\/wordpress\/plugins\/seo\/ -->\n<title>Asesoramiento Econ\u00f3mico para Empresas y Aut\u00f3nomos<\/title>\n<meta name=\"description\" content=\"Expertos en asesoramiento econ\u00f3mico para empresas y aut\u00f3nomos. Soluciones a medida, eficiencia fiscal y apoyo financiero para ayudarte a crecer tu negocio.\" \/>\n<meta name=\"robots\" content=\"index, follow, max-snippet:-1, max-image-preview:large, max-video-preview:-1\" \/>\n<link rel=\"canonical\" href=\"https:\/\/mafonco.com\/es\/\" \/>\n<meta property=\"og:locale\" content=\"es_ES\" \/>\n<meta property=\"og:type\" content=\"article\" \/>\n<meta property=\"og:title\" content=\"Asesoramiento Econ\u00f3mico para Empresas y Aut\u00f3nomos\" \/>\n<meta property=\"og:description\" content=\"Expertos en asesoramiento econ\u00f3mico para empresas y aut\u00f3nomos. Soluciones a medida, eficiencia fiscal y apoyo financiero para ayudarte a crecer tu negocio.\" \/>\n<meta property=\"og:url\" content=\"https:\/\/mafonco.com\/es\/\" \/>\n<meta property=\"og:site_name\" content=\"MaFonCo Economistes\" \/>\n<meta property=\"article:publisher\" content=\"https:\/\/www.facebook.com\/mafoncoeconomistes\" \/>\n<meta property=\"article:modified_time\" content=\"2025-12-03T09:33:51+00:00\" \/>\n<meta property=\"og:image\" content=\"http:\/\/mafonco.com\/wp-content\/uploads\/2025\/09\/rigor-professional-150x150.jpg\" \/>\n<meta name=\"twitter:card\" content=\"summary_large_image\" \/>\n<meta name=\"twitter:label1\" content=\"Tiempo de lectura\" \/>\n\t<meta name=\"twitter:data1\" content=\"2 minutos\" \/>\n<script type=\"application\/ld+json\" class=\"yoast-schema-graph\">{\"@context\":\"https:\/\/schema.org\",\"@graph\":[{\"@type\":\"WebPage\",\"@id\":\"https:\/\/mafonco.com\/es\/\",\"url\":\"https:\/\/mafonco.com\/es\/\",\"name\":\"Asesoramiento Econ\u00f3mico para Empresas y Aut\u00f3nomos\",\"isPartOf\":{\"@id\":\"https:\/\/mafonco.com\/#website\"},\"primaryImageOfPage\":{\"@id\":\"https:\/\/mafonco.com\/es\/#primaryimage\"},\"image\":{\"@id\":\"https:\/\/mafonco.com\/es\/#primaryimage\"},\"thumbnailUrl\":\"http:\/\/mafonco.com\/wp-content\/uploads\/2025\/09\/rigor-professional-150x150.jpg\",\"datePublished\":\"2022-01-11T05:42:19+00:00\",\"dateModified\":\"2025-12-03T09:33:51+00:00\",\"description\":\"Expertos en asesoramiento econ\u00f3mico para empresas y aut\u00f3nomos. Soluciones a medida, eficiencia fiscal y apoyo financiero para ayudarte a crecer tu negocio.\",\"breadcrumb\":{\"@id\":\"https:\/\/mafonco.com\/es\/#breadcrumb\"},\"inLanguage\":\"es\",\"potentialAction\":[{\"@type\":\"ReadAction\",\"target\":[\"https:\/\/mafonco.com\/es\/\"]}]},{\"@type\":\"ImageObject\",\"inLanguage\":\"es\",\"@id\":\"https:\/\/mafonco.com\/es\/#primaryimage\",\"url\":\"http:\/\/mafonco.com\/wp-content\/uploads\/2025\/09\/rigor-professional-150x150.jpg\",\"contentUrl\":\"http:\/\/mafonco.com\/wp-content\/uploads\/2025\/09\/rigor-professional-150x150.jpg\"},{\"@type\":\"BreadcrumbList\",\"@id\":\"https:\/\/mafonco.com\/es\/#breadcrumb\",\"itemListElement\":[{\"@type\":\"ListItem\",\"position\":1,\"name\":\"Inici\",\"item\":\"https:\/\/mafonco.com\/es\/\"},{\"@type\":\"ListItem\",\"position\":2,\"name\":\"Inicio\"}]},{\"@type\":\"WebSite\",\"@id\":\"https:\/\/mafonco.com\/#website\",\"url\":\"https:\/\/mafonco.com\/\",\"name\":\"MaFonCo Economistes\",\"description\":\"\",\"publisher\":{\"@id\":\"https:\/\/mafonco.com\/#organization\"},\"potentialAction\":[{\"@type\":\"SearchAction\",\"target\":{\"@type\":\"EntryPoint\",\"urlTemplate\":\"https:\/\/mafonco.com\/?s={search_term_string}\"},\"query-input\":{\"@type\":\"PropertyValueSpecification\",\"valueRequired\":true,\"valueName\":\"search_term_string\"}}],\"inLanguage\":\"es\"},{\"@type\":\"Organization\",\"@id\":\"https:\/\/mafonco.com\/#organization\",\"name\":\"MaFonCo Economistes\",\"url\":\"https:\/\/mafonco.com\/\",\"logo\":{\"@type\":\"ImageObject\",\"inLanguage\":\"es\",\"@id\":\"https:\/\/mafonco.com\/#\/schema\/logo\/image\/\",\"url\":\"https:\/\/mafonco.com\/wp-content\/uploads\/2025\/12\/Logo-MaFonCo-Definitiu-240216-alta-definicio-gegant-e1759306275211.jpg\",\"contentUrl\":\"https:\/\/mafonco.com\/wp-content\/uploads\/2025\/12\/Logo-MaFonCo-Definitiu-240216-alta-definicio-gegant-e1759306275211.jpg\",\"width\":1302,\"height\":397,\"caption\":\"MaFonCo Economistes\"},\"image\":{\"@id\":\"https:\/\/mafonco.com\/#\/schema\/logo\/image\/\"},\"sameAs\":[\"https:\/\/www.facebook.com\/mafoncoeconomistes\",\"https:\/\/www.linkedin.com\/company\/mafonco-economistes\/\"]}]}<\/script>\n<!-- \/ Yoast SEO plugin. -->","yoast_head_json":{"title":"Asesoramiento Econ\u00f3mico para Empresas y Aut\u00f3nomos","description":"Expertos en asesoramiento econ\u00f3mico para empresas y aut\u00f3nomos. Soluciones a medida, eficiencia fiscal y apoyo financiero para ayudarte a crecer tu negocio.","robots":{"index":"index","follow":"follow","max-snippet":"max-snippet:-1","max-image-preview":"max-image-preview:large","max-video-preview":"max-video-preview:-1"},"canonical":"https:\/\/mafonco.com\/es\/","og_locale":"es_ES","og_type":"article","og_title":"Asesoramiento Econ\u00f3mico para Empresas y Aut\u00f3nomos","og_description":"Expertos en asesoramiento econ\u00f3mico para empresas y aut\u00f3nomos. Soluciones a medida, eficiencia fiscal y apoyo financiero para ayudarte a crecer tu negocio.","og_url":"https:\/\/mafonco.com\/es\/","og_site_name":"MaFonCo Economistes","article_publisher":"https:\/\/www.facebook.com\/mafoncoeconomistes","article_modified_time":"2025-12-03T09:33:51+00:00","og_image":[{"url":"http:\/\/mafonco.com\/wp-content\/uploads\/2025\/09\/rigor-professional-150x150.jpg","type":"","width":"","height":""}],"twitter_card":"summary_large_image","twitter_misc":{"Tiempo de lectura":"2 minutos"},"schema":{"@context":"https:\/\/schema.org","@graph":[{"@type":"WebPage","@id":"https:\/\/mafonco.com\/es\/","url":"https:\/\/mafonco.com\/es\/","name":"Asesoramiento Econ\u00f3mico para Empresas y Aut\u00f3nomos","isPartOf":{"@id":"https:\/\/mafonco.com\/#website"},"primaryImageOfPage":{"@id":"https:\/\/mafonco.com\/es\/#primaryimage"},"image":{"@id":"https:\/\/mafonco.com\/es\/#primaryimage"},"thumbnailUrl":"http:\/\/mafonco.com\/wp-content\/uploads\/2025\/09\/rigor-professional-150x150.jpg","datePublished":"2022-01-11T05:42:19+00:00","dateModified":"2025-12-03T09:33:51+00:00","description":"Expertos en asesoramiento econ\u00f3mico para empresas y aut\u00f3nomos. Soluciones a medida, eficiencia fiscal y apoyo financiero para ayudarte a crecer tu negocio.","breadcrumb":{"@id":"https:\/\/mafonco.com\/es\/#breadcrumb"},"inLanguage":"es","potentialAction":[{"@type":"ReadAction","target":["https:\/\/mafonco.com\/es\/"]}]},{"@type":"ImageObject","inLanguage":"es","@id":"https:\/\/mafonco.com\/es\/#primaryimage","url":"http:\/\/mafonco.com\/wp-content\/uploads\/2025\/09\/rigor-professional-150x150.jpg","contentUrl":"http:\/\/mafonco.com\/wp-content\/uploads\/2025\/09\/rigor-professional-150x150.jpg"},{"@type":"BreadcrumbList","@id":"https:\/\/mafonco.com\/es\/#breadcrumb","itemListElement":[{"@type":"ListItem","position":1,"name":"Inici","item":"https:\/\/mafonco.com\/es\/"},{"@type":"ListItem","position":2,"name":"Inicio"}]},{"@type":"WebSite","@id":"https:\/\/mafonco.com\/#website","url":"https:\/\/mafonco.com\/","name":"MaFonCo Economistes","description":"","publisher":{"@id":"https:\/\/mafonco.com\/#organization"},"potentialAction":[{"@type":"SearchAction","target":{"@type":"EntryPoint","urlTemplate":"https:\/\/mafonco.com\/?s={search_term_string}"},"query-input":{"@type":"PropertyValueSpecification","valueRequired":true,"valueName":"search_term_string"}}],"inLanguage":"es"},{"@type":"Organization","@id":"https:\/\/mafonco.com\/#organization","name":"MaFonCo Economistes","url":"https:\/\/mafonco.com\/","logo":{"@type":"ImageObject","inLanguage":"es","@id":"https:\/\/mafonco.com\/#\/schema\/logo\/image\/","url":"https:\/\/mafonco.com\/wp-content\/uploads\/2025\/12\/Logo-MaFonCo-Definitiu-240216-alta-definicio-gegant-e1759306275211.jpg","contentUrl":"https:\/\/mafonco.com\/wp-content\/uploads\/2025\/12\/Logo-MaFonCo-Definitiu-240216-alta-definicio-gegant-e1759306275211.jpg","width":1302,"height":397,"caption":"MaFonCo Economistes"},"image":{"@id":"https:\/\/mafonco.com\/#\/schema\/logo\/image\/"},"sameAs":["https:\/\/www.facebook.com\/mafoncoeconomistes","https:\/\/www.linkedin.com\/company\/mafonco-economistes\/"]}]}},"_links":{"self":[{"href":"https:\/\/mafonco.com\/es\/wp-json\/wp\/v2\/pages\/10163","targetHints":{"allow":["GET"]}}],"collection":[{"href":"https:\/\/mafonco.com\/es\/wp-json\/wp\/v2\/pages"}],"about":[{"href":"https:\/\/mafonco.com\/es\/wp-json\/wp\/v2\/types\/page"}],"author":[{"embeddable":true,"href":"https:\/\/mafonco.com\/es\/wp-json\/wp\/v2\/users\/1"}],"replies":[{"embeddable":true,"href":"https:\/\/mafonco.com\/es\/wp-json\/wp\/v2\/comments?post=10163"}],"version-history":[{"count":52,"href":"https:\/\/mafonco.com\/es\/wp-json\/wp\/v2\/pages\/10163\/revisions"}],"predecessor-version":[{"id":11616,"href":"https:\/\/mafonco.com\/es\/wp-json\/wp\/v2\/pages\/10163\/revisions\/11616"}],"wp:attachment":[{"href":"https:\/\/mafonco.com\/es\/wp-json\/wp\/v2\/media?parent=10163"}],"curies":[{"name":"wp","href":"https:\/\/api.w.org\/{rel}","templated":true}]}}